{"id":23975,"date":"2020-12-22T16:25:39","date_gmt":"2020-12-22T15:25:39","guid":{"rendered":"https:\/\/www.wineglobe.fr\/?page_id=23975"},"modified":"2022-01-27T16:20:40","modified_gmt":"2022-01-27T15:20:40","slug":"faq","status":"publish","type":"page","link":"https:\/\/www.wineglobe.fr\/en\/faq\/","title":{"rendered":"FAQ"},"content":{"rendered":"<p>[et_pb_section fb_built=&#8221;1&#8243; _builder_version=&#8221;4.6.6&#8243; _module_preset=&#8221;default&#8221; custom_margin=&#8221;-52px||0px||false|false&#8221; custom_padding=&#8221;0px||0px||false|false&#8221; global_colors_info=&#8221;{}&#8221;][et_pb_row _builder_version=&#8221;4.6.6&#8243; _module_preset=&#8221;default&#8221; global_colors_info=&#8221;{}&#8221;][et_pb_column type=&#8221;4_4&#8243; _builder_version=&#8221;4.6.6&#8243; _module_preset=&#8221;default&#8221; global_colors_info=&#8221;{}&#8221;][et_pb_image src=&#8221;https:\/\/www.wineglobe.fr\/wp-content\/uploads\/wine-globe-image-verre-1.jpg&#8221; alt=&#8221;Cuve en verre Wineglobe 220L&#8221; title_text=&#8221;Cuve en verre Wineglobe 220L&#8221; align=&#8221;center&#8221; _builder_version=&#8221;4.6.6&#8243; _module_preset=&#8221;default&#8221; width=&#8221;30%&#8221; module_alignment=&#8221;center&#8221; custom_margin=&#8221;0px||0px||false|false&#8221; custom_padding=&#8221;0px||0px||false|false&#8221; global_colors_info=&#8221;{}&#8221;][\/et_pb_image][\/et_pb_column][\/et_pb_row][et_pb_row _builder_version=&#8221;4.6.6&#8243; _module_preset=&#8221;default&#8221; custom_margin=&#8221;0px||0px||false|false&#8221; custom_padding=&#8221;0px||0px||false|false&#8221; global_colors_info=&#8221;{}&#8221;][et_pb_column type=&#8221;4_4&#8243; _builder_version=&#8221;4.6.5&#8243; _module_preset=&#8221;default&#8221; global_colors_info=&#8221;{}&#8221;][et_pb_text _builder_version=&#8221;4.6.5&#8243; _module_preset=&#8221;default&#8221; global_colors_info=&#8221;{}&#8221;]<\/p>\n<h1 style=\"text-align: center;\">General questions<\/h1>\n<p>[\/et_pb_text][\/et_pb_column][\/et_pb_row][et_pb_row column_structure=&#8221;1_3,1_3,1_3&#8243; _builder_version=&#8221;4.6.6&#8243; _module_preset=&#8221;default&#8221; custom_padding=&#8221;||||false|false&#8221; global_colors_info=&#8221;{}&#8221;][et_pb_column type=&#8221;1_3&#8243; _builder_version=&#8221;4.6.5&#8243; _module_preset=&#8221;default&#8221; global_colors_info=&#8221;{}&#8221;][et_pb_toggle title=&#8221;What is a Wineglobe?&#8221; icon_color=&#8221;#8bafad&#8221; open_icon_color=&#8221;#8bafad&#8221; _builder_version=&#8221;4.13.0&#8243; _module_preset=&#8221;default&#8221; background_color=&#8221;rgba(206,227,226,0.29)&#8221; custom_margin=&#8221;||||false|false&#8221; custom_padding=&#8221;1em||1em||false|false&#8221; border_color_all=&#8221;rgba(0,0,0,0)&#8221; global_colors_info=&#8221;{}&#8221;]<\/p>\n<p>Famille Paetzold imagined, created and developed a new technical and original vessel for winemaking, aging and keeping white, red and pink wines: the Wineglobe.<\/p>\n<p>It&#8217;s a round-shaped glass vessel that holds over 200 liters in transparent borosilicate glass.<\/p>\n<p>[\/et_pb_toggle][et_pb_toggle title=&#8221;When should you use the Wineglobe?&#8221; icon_color=&#8221;#8bafad&#8221; open_icon_color=&#8221;#8bafad&#8221; _builder_version=&#8221;4.14.6&#8243; _module_preset=&#8221;default&#8221; background_color=&#8221;rgba(206,227,226,0.29)&#8221; custom_margin=&#8221;||||false|false&#8221; custom_padding=&#8221;1em||1em||false|false&#8221; border_color_all=&#8221;rgba(0,0,0,0)&#8221; global_colors_info=&#8221;{}&#8221;]<\/p>\n<p>It the only container suitable for every winemaking step: vinification, aging and long-term aging.<\/p>\n<p>In practice, we recommend using it for:<\/p>\n<ul>\n<li>fermentation and aging white and pink wines,<\/li>\n<li>aging red wines.<\/li>\n<\/ul>\n<p>To date we don\u2019t yet have the tool for:<\/p>\n<ul>\n<li>fermentation red wines: to make it easier to running off the vessel and vatting<\/li>\n<li>maturing and stocking wines in a long-term way: We are developing a long term closure<\/li>\n<\/ul>\n<p>[\/et_pb_toggle][\/et_pb_column][et_pb_column type=&#8221;1_3&#8243; _builder_version=&#8221;4.6.5&#8243; _module_preset=&#8221;default&#8221; global_colors_info=&#8221;{}&#8221;][et_pb_toggle title=&#8221;For which kinds of wine?&#8221; icon_color=&#8221;#8bafad&#8221; open_icon_color=&#8221;#8bafad&#8221; _builder_version=&#8221;4.13.0&#8243; _module_preset=&#8221;default&#8221; background_color=&#8221;rgba(206,227,226,0.29)&#8221; custom_margin=&#8221;||||false|false&#8221; custom_padding=&#8221;1em||1em||false|false&#8221; border_color_all=&#8221;rgba(0,0,0,0)&#8221; global_colors_info=&#8221;{}&#8221;]<\/p>\n<p>Wineglobes can be used as vessels to hold red, white, and pink wines and for base wines for sparkling wines.<\/p>\n<p>Our glass vessels are certified food safe.<\/p>\n<p>[\/et_pb_toggle][et_pb_toggle title=&#8221;Is it fragile?&#8221; icon_color=&#8221;#8bafad&#8221; open_icon_color=&#8221;#8bafad&#8221; _builder_version=&#8221;4.14.6&#8243; _module_preset=&#8221;default&#8221; background_color=&#8221;rgba(206,227,226,0.29)&#8221; custom_margin=&#8221;||||false|false&#8221; custom_padding=&#8221;1em||1em||false|false&#8221; border_color_all=&#8221;rgba(0,0,0,0)&#8221; global_colors_info=&#8221;{}&#8221;]<\/p>\n<p>The glass used for making our Wineglobes is borosilicate, the strongest and most resistant glass.<\/p>\n<p>The vessel was created to use in a cellar and to be very resistant under normal use.<\/p>\n<p>However, it is important not to use scourers such as steel wool pads or unprotected mechanical tools to clean the glass vessel.<\/p>\n<p>We have created accessories for secure handling.<\/p>\n<p>[\/et_pb_toggle][\/et_pb_column][et_pb_column type=&#8221;1_3&#8243; _builder_version=&#8221;4.6.5&#8243; _module_preset=&#8221;default&#8221; global_colors_info=&#8221;{}&#8221;][et_pb_toggle title=&#8221;How can a Wineglobe be financed?&#8221; icon_color=&#8221;#8bafad&#8221; open_icon_color=&#8221;#8bafad&#8221; _builder_version=&#8221;4.14.6&#8243; _module_preset=&#8221;default&#8221; background_color=&#8221;rgba(206,227,226,0.29)&#8221; custom_margin=&#8221;||||false|false&#8221; custom_padding=&#8221;1em||1em||false|false&#8221; hover_enabled=&#8221;0&#8243; border_color_all=&#8221;rgba(0,0,0,0)&#8221; global_colors_info=&#8221;{}&#8221; sticky_enabled=&#8221;0&#8243;]<\/p>\n<p>Depending on the country possible to have investments subsidy\/grants or H&amp;A renting : rent over 2 to 5 years (then transfer or ownership)<\/p>\n<p>[\/et_pb_toggle][et_pb_toggle title=&#8221;Comment peut-on financer un Wineglobe ?&#8221; icon_color=&#8221;#8bafad&#8221; open_icon_color=&#8221;#8bafad&#8221; disabled_on=&#8221;on|on|on&#8221; _builder_version=&#8221;4.13.0&#8243; _module_preset=&#8221;default&#8221; background_color=&#8221;rgba(206,227,226,0.29)&#8221; custom_margin=&#8221;||||false|false&#8221; custom_padding=&#8221;1em||1em||false|false&#8221; border_color_all=&#8221;rgba(0,0,0,0)&#8221; disabled=&#8221;on&#8221; global_colors_info=&#8221;{}&#8221;]<\/p>\n<p>Pour les structures qui souhaitent et peuvent en b\u00e9n\u00e9ficier, le Wineglobe est \u00e9ligible \u00e0 la subvention FranceAgriMer. Elle correspond \u00e0 la prise en charge d\u2019une partie du co\u00fbt d\u2019investissement mat\u00e9riel (30 \u00e0 40 % du co\u00fbt HT) y compris frais de livraison et main d\u2019\u0153uvre du fournisseur. La t\u00e9l\u00e9proc\u00e9dure est disponible du 01 d\u00e9cembre 2020 jusqu\u2019au 05 mars 2021 midi pour le d\u00e9p\u00f4t de la demande d\u2019aide, et un seul devis par mat\u00e9riel est n\u00e9cessaire pour l\u2019instruction. Les Jeunes Agriculteurs et les Nouveaux Install\u00e9s depuis moins de 5 ans b\u00e9n\u00e9ficient d\u2019une bonification de 10% maximale s\u2019ils d\u00e9tiennent au minimum 20% des parts sociales de l\u2019entreprise. Pour plus de renseignements relatifs \u00e0 la proc\u00e9dure \u00e0 suivre, vous pouvez consulter la page d\u00e9di\u00e9e aux Appels \u00e0 projets 2021 de FranceAgrimer : <a href=\"https:\/\/www.franceagrimer.fr\/filieres-Vin-et-cidre\/Vin\/Accompagner\/Dispositifs-par-filiere\/Organisation-commune-de-marche-et-aides-communautaires\/OCM-vitivinicole\/Investissements-dans-les-entreprises-viti-vinicoles\/Programme-d-investissements-des-entreprises-vitivinicoles-Appel-a-projets-2021\">https:\/\/www.franceagrimer.fr\/filieres-Vin-et-cidre\/Vin\/Accompagner\/Dispositifs-par-filiere\/Organisation-commune-de-marche-et-aides-communautaires\/OCM-vitivinicole\/Investissements-dans-les-entreprises-viti-vinicoles\/Programme-d-investissements-des-entreprises-vitivinicoles-Appel-a-projets-2021<\/a>\u00a0et contacter le service territorial de votre r\u00e9gion <a href=\"https:\/\/m365.eu.vadesecure.com\/safeproxy\/v4?f=PxC0-VfNdkeYXwsILRMIRQOvfQIF68M4HbiK25yl3cGQnxgSf-2a2tCT6xOuWiG3GA2QhDG3gq-NazJT6a0IQg&amp;i=jIDf3YfLg_HrCjZIpjg9PhOzgaFQ0IwkGVTQzMhN_m7D5k-LeCPJCvCraPbRRU8oTZ83UCdqVuQljO_pqTt8YQ&amp;k=GyEF&amp;r=V5vvFy8kC__S5i_yXvMb38lZ5AxtWeXhPp1296TQ_ZUNSJiuNim2sw0NZKacKHvxArZBpM-06GfzmNW7-toLiQ&amp;s=8c3c2350ab611ec97b5190a6cc1ae398a8a4667e997a1e47a5636e4189343a3c&amp;u=https%3A%2F%2Fwww.franceagrimer.fr%2Ffam%2Fcontent%2Fdownload%2F48055%2Fdocument%2Fantennes_gestion_2018.pdf%3Fversion%3D6\">https:\/\/www.franceagrimer.fr\/fam\/content\/download\/48055\/document\/antennes_gestion_2018.pdf?version=6<\/a>.<\/p>\n<p>[\/et_pb_toggle][\/et_pb_column][\/et_pb_row][\/et_pb_section][et_pb_section fb_built=&#8221;1&#8243; _builder_version=&#8221;4.6.5&#8243; _module_preset=&#8221;default&#8221; custom_padding=&#8221;24px||24px||true|&#8221; global_colors_info=&#8221;{}&#8221;][et_pb_row _builder_version=&#8221;4.6.5&#8243; _module_preset=&#8221;default&#8221; custom_margin=&#8221;0px||0px||false|false&#8221; custom_padding=&#8221;0px||0px||false|false&#8221; global_colors_info=&#8221;{}&#8221;][et_pb_column type=&#8221;4_4&#8243; _builder_version=&#8221;4.6.5&#8243; _module_preset=&#8221;default&#8221; global_colors_info=&#8221;{}&#8221;][et_pb_text _builder_version=&#8221;4.14.6&#8243; _module_preset=&#8221;default&#8221; global_colors_info=&#8221;{}&#8221;]<\/p>\n<h1 style=\"text-align: center;\">USING THE WINEGLOBE<\/h1>\n<p>[\/et_pb_text][\/et_pb_column][\/et_pb_row][et_pb_row column_structure=&#8221;1_3,1_3,1_3&#8243; _builder_version=&#8221;4.6.5&#8243; _module_preset=&#8221;default&#8221; global_colors_info=&#8221;{}&#8221;][et_pb_column type=&#8221;1_3&#8243; _builder_version=&#8221;4.6.5&#8243; _module_preset=&#8221;default&#8221; global_colors_info=&#8221;{}&#8221;][et_pb_toggle title=&#8221;How do you use the Wineglobe?&#8221; icon_color=&#8221;#8bafad&#8221; open_icon_color=&#8221;#8bafad&#8221; _builder_version=&#8221;4.14.6&#8243; _module_preset=&#8221;default&#8221; background_color=&#8221;rgba(206,227,226,0.29)&#8221; custom_margin=&#8221;||||false|false&#8221; custom_padding=&#8221;1em||1em||false|false&#8221; border_color_all=&#8221;rgba(0,0,0,0)&#8221; global_colors_info=&#8221;{}&#8221;]<\/p>\n<p>Globes are designed to be filled to the brim (like barrels)<\/p>\n<p>There is a lid with bung and bubbler. In case of temperature or pressure variation, the bubbler will regulate wine variations (siphon mechanism).<\/p>\n<p>Please note the bubbler must be filled on the bung (to avoid excessive pressure and possible explosion).<\/p>\n<p>All the usual oenological tasks (filling, racking, retrieving samples, etc.) are performed as they are with existing vessels.<\/p>\n<p>[\/et_pb_toggle][\/et_pb_column][et_pb_column type=&#8221;1_3&#8243; _builder_version=&#8221;4.6.5&#8243; _module_preset=&#8221;default&#8221; global_colors_info=&#8221;{}&#8221;][et_pb_toggle title=&#8221;How to wash the Wineglobe?&#8221; icon_color=&#8221;#8bafad&#8221; open_icon_color=&#8221;#8bafad&#8221; _builder_version=&#8221;4.14.6&#8243; _module_preset=&#8221;default&#8221; background_color=&#8221;rgba(206,227,226,0.29)&#8221; custom_margin=&#8221;||||false|false&#8221; custom_padding=&#8221;1em||1em||false|false&#8221; border_color_all=&#8221;rgba(0,0,0,0)&#8221; global_colors_info=&#8221;{}&#8221;]<\/p>\n<p>Please wash the globe without the lid and be careful with the wet stand (slipping risk). We suggest using our cleaning stand or our harness to be able to securely turn it upside down.<\/p>\n<p>Please wash the globe immediately after use to maintain transparency.<br \/>We recommend washing it manually with a sponge or with high pressure cleaning (the glass can stand it). You don\u2019t require disinfecting or sulfuring like barrels (even if the glass stand it)<\/p>\n<p>Because the glass vat is smooth, it\u2019s super easy to clean and descale. Only a few liters of water are needed to clean it thoroughly (cold or hot). Some users completely forget about chemical<br \/>products and\/or thermal actions.<\/p>\n<p>Thus, on average, the amount of water used is half less. The complete lack of porosity considerably decreases any chance of residual cleaning agents. The transparency of our aging vessel allows perfect visual monitoring.<\/p>\n<p>However, the vessel is compatible with the cleansing products and disinfectants classically used in wineries: chlorine, hydrogen peroxide, peracetic acid, alcohol, quaternary ammonium.<\/p>\n<p>The only obligation is to avoid abrasive agents (tamponjex) and cleaning ustensile that can scratch the globe (Just beware of inox nosels (embout)).<\/p>\n<p>[\/et_pb_toggle][et_pb_toggle title=&#8221;How move the Wineglobe full?&#8221; icon_color=&#8221;#8bafad&#8221; open_icon_color=&#8221;#8bafad&#8221; _builder_version=&#8221;4.14.6&#8243; _module_preset=&#8221;default&#8221; background_color=&#8221;rgba(206,227,226,0.29)&#8221; custom_margin=&#8221;||||false|false&#8221; custom_padding=&#8221;1em||1em||false|false&#8221; border_color_all=&#8221;rgba(0,0,0,0)&#8221; global_colors_info=&#8221;{}&#8221;]<\/p>\n<p>We have specific stands to move it full of wine with a forklift:<\/p>\n<ul>\n<li>a concrete stand,<\/li>\n<li>a wooden box.<\/li>\n<\/ul>\n<p>[\/et_pb_toggle][\/et_pb_column][et_pb_column type=&#8221;1_3&#8243; _builder_version=&#8221;4.6.5&#8243; _module_preset=&#8221;default&#8221; global_colors_info=&#8221;{}&#8221;][et_pb_toggle title=&#8221;How move the Wineglobe empty?&#8221; icon_color=&#8221;#8bafad&#8221; open_icon_color=&#8221;#8bafad&#8221; _builder_version=&#8221;4.14.6&#8243; _module_preset=&#8221;default&#8221; background_color=&#8221;rgba(206,227,226,0.29)&#8221; custom_margin=&#8221;||||false|false&#8221; custom_padding=&#8221;1em||1em||false|false&#8221; border_color_all=&#8221;rgba(0,0,0,0)&#8221; global_colors_info=&#8221;{}&#8221;]<\/p>\n<p>The Wineglobe weigh less than 35KG. It is easy to move manually.<\/p>\n<p>We recommend using our harness to move it securely. It has 8 handles to move it with 2 people.<\/p>\n<p>You can also turn it upside down to dry it.<\/p>\n<p>[\/et_pb_toggle][\/et_pb_column][\/et_pb_row][\/et_pb_section][et_pb_section fb_built=&#8221;1&#8243; _builder_version=&#8221;4.6.6&#8243; _module_preset=&#8221;default&#8221; custom_margin=&#8221;0px||0px||false|false&#8221; custom_padding=&#8221;24px||0px||false|false&#8221; global_colors_info=&#8221;{}&#8221;][et_pb_row _builder_version=&#8221;4.6.5&#8243; _module_preset=&#8221;default&#8221; custom_margin=&#8221;0px||0px||false|false&#8221; custom_padding=&#8221;0px||0px||false|false&#8221; global_colors_info=&#8221;{}&#8221;][et_pb_column type=&#8221;4_4&#8243; _builder_version=&#8221;4.6.5&#8243; _module_preset=&#8221;default&#8221; global_colors_info=&#8221;{}&#8221;][et_pb_text _builder_version=&#8221;4.6.5&#8243; _module_preset=&#8221;default&#8221; global_colors_info=&#8221;{}&#8221;]<\/p>\n<h1 style=\"text-align: center;\">Wineglobe and oenology<\/h1>\n<p>[\/et_pb_text][\/et_pb_column][\/et_pb_row][et_pb_row column_structure=&#8221;1_3,1_3,1_3&#8243; _builder_version=&#8221;4.6.5&#8243; _module_preset=&#8221;default&#8221; global_colors_info=&#8221;{}&#8221;][et_pb_column type=&#8221;1_3&#8243; _builder_version=&#8221;4.6.5&#8243; _module_preset=&#8221;default&#8221; global_colors_info=&#8221;{}&#8221;][et_pb_toggle title=&#8221;Managing reduction in the Wineglobe&#8221; icon_color=&#8221;#8bafad&#8221; open_icon_color=&#8221;#8bafad&#8221; _builder_version=&#8221;4.14.6&#8243; _module_preset=&#8221;default&#8221; background_color=&#8221;rgba(206,227,226,0.29)&#8221; custom_margin=&#8221;||||false|false&#8221; custom_padding=&#8221;1em||1em||false|false&#8221; border_color_all=&#8221;rgba(0,0,0,0)&#8221; global_colors_info=&#8221;{}&#8221;]<\/p>\n<p>The lid and seal were designed to make the tank completely oxygen-proof.<br \/>The Wineglobe can be used without adding any oxygen, yet the resulting wines show no reduction.<\/p>\n<p>Depending on the desired result, you can however add a small amount of oxygen (racking, stirring of the lees, micro-ox&#8230;).<\/p>\n<p>[\/et_pb_toggle][et_pb_toggle title=&#8221;Temperature management in the Wineglobe&#8221; icon_color=&#8221;#8bafad&#8221; open_icon_color=&#8221;#8bafad&#8221; _builder_version=&#8221;4.14.6&#8243; _module_preset=&#8221;default&#8221; background_color=&#8221;rgba(206,227,226,0.29)&#8221; custom_margin=&#8221;||||false|false&#8221; custom_padding=&#8221;1em||1em||false|false&#8221; border_color_all=&#8221;rgba(0,0,0,0)&#8221; global_colors_info=&#8221;{}&#8221;]<\/p>\n<p>Since the thermal conductivity is close to that of concrete, the glass vessel has good temperature stability.<\/p>\n<p>[\/et_pb_toggle][\/et_pb_column][et_pb_column type=&#8221;1_3&#8243; _builder_version=&#8221;4.6.5&#8243; _module_preset=&#8221;default&#8221; global_colors_info=&#8221;{}&#8221;][et_pb_toggle title=&#8221;Managing SO2 in the Wineglobe&#8221; icon_color=&#8221;#8bafad&#8221; open_icon_color=&#8221;#8bafad&#8221; _builder_version=&#8221;4.14.6&#8243; _module_preset=&#8221;default&#8221; background_color=&#8221;rgba(206,227,226,0.29)&#8221; custom_margin=&#8221;||||false|false&#8221; custom_padding=&#8221;1em||1em||false|false&#8221; border_color_all=&#8221;rgba(0,0,0,0)&#8221; global_colors_info=&#8221;{}&#8221;]<\/p>\n<p>Compared with barrel aging, Wineglobe users note an average decrease of total SO2 by 25% to 50%.<\/p>\n<p>[\/et_pb_toggle][et_pb_toggle title=&#8221;Managing lees in the Wineglobe&#8221; icon_color=&#8221;#8bafad&#8221; open_icon_color=&#8221;#8bafad&#8221; _builder_version=&#8221;4.14.6&#8243; _module_preset=&#8221;default&#8221; background_color=&#8221;rgba(206,227,226,0.29)&#8221; custom_margin=&#8221;||||false|false&#8221; custom_padding=&#8221;1em||1em||false|false&#8221; border_color_all=&#8221;rgba(0,0,0,0)&#8221; global_colors_info=&#8221;{}&#8221;]<\/p>\n<p>The presence of lees depends on the desired style.<\/p>\n<p>Nevertheless, since there isn\u2019t any gas exchange, the reductive function of lees is less purposeful. Experience shows that wine can be made with a lesser amount of lees and less stirring up.<\/p>\n<p>The vessel being spherical, the resuspension of lees by convection is slighter. The Wineglobe enables very good wine clarification by sedimentation.<\/p>\n<p>[\/et_pb_toggle][\/et_pb_column][et_pb_column type=&#8221;1_3&#8243; _builder_version=&#8221;4.6.5&#8243; _module_preset=&#8221;default&#8221; global_colors_info=&#8221;{}&#8221;][et_pb_toggle title=&#8221;Managing light on the Wineglobe&#8221; icon_color=&#8221;#8bafad&#8221; open_icon_color=&#8221;#8bafad&#8221; _builder_version=&#8221;4.14.6&#8243; _module_preset=&#8221;default&#8221; background_color=&#8221;rgba(206,227,226,0.29)&#8221; custom_margin=&#8221;||||false|false&#8221; custom_padding=&#8221;1em||1em||false|false&#8221; border_color_all=&#8221;rgba(0,0,0,0)&#8221; global_colors_info=&#8221;{}&#8221;]<\/p>\n<p>We decided to keep the glass of the Wineglobe transparent because we think it is beneficial for a wine to thrive harmoniously.<\/p>\n<p>However we do suggest working away from light.<\/p>\n<p>Although no alteration whatsoever has been noted over the past 5 years, we suggest equipping your facility with a suitable light, or using the covers provided with the vessel.<\/p>\n<p>Generally speaking, a Wineglobe filled with white, red or pink wine should not be subjected to natural light (except specific wines). You should also be careful with LED lights &#8211; they use a lot of blue light, which is responsible for the taste of light.<\/p>\n<p>[\/et_pb_toggle][\/et_pb_column][\/et_pb_row][\/et_pb_section][et_pb_section fb_built=&#8221;1&#8243; _builder_version=&#8221;4.6.5&#8243; _module_preset=&#8221;default&#8221; custom_padding=&#8221;24px||24px||true|&#8221; global_colors_info=&#8221;{}&#8221;][et_pb_row _builder_version=&#8221;4.6.5&#8243; _module_preset=&#8221;default&#8221; custom_margin=&#8221;0px||0px||false|false&#8221; custom_padding=&#8221;0px||0px||false|false&#8221; global_colors_info=&#8221;{}&#8221;][et_pb_column type=&#8221;4_4&#8243; _builder_version=&#8221;4.6.5&#8243; _module_preset=&#8221;default&#8221; global_colors_info=&#8221;{}&#8221;][et_pb_text admin_label=&#8221;Texte &#8221; _builder_version=&#8221;4.6.5&#8243; _module_preset=&#8221;default&#8221; global_colors_info=&#8221;{}&#8221;]<\/p>\n<h1 style=\"text-align: center;\">Pollution and environment<\/h1>\n<p>[\/et_pb_text][\/et_pb_column][\/et_pb_row][et_pb_row column_structure=&#8221;1_3,1_3,1_3&#8243; _builder_version=&#8221;4.6.5&#8243; _module_preset=&#8221;default&#8221; global_colors_info=&#8221;{}&#8221;][et_pb_column type=&#8221;1_3&#8243; _builder_version=&#8221;4.6.5&#8243; _module_preset=&#8221;default&#8221; global_colors_info=&#8221;{}&#8221;][et_pb_toggle title=&#8221;No transfer of elements into the wine&#8221; icon_color=&#8221;#8bafad&#8221; open_icon_color=&#8221;#8bafad&#8221; _builder_version=&#8221;4.14.6&#8243; _module_preset=&#8221;default&#8221; background_color=&#8221;rgba(206,227,226,0.29)&#8221; custom_margin=&#8221;||||false|false&#8221; custom_padding=&#8221;1em||1em||false|false&#8221; border_color_all=&#8221;rgba(0,0,0,0)&#8221; global_colors_info=&#8221;{}&#8221;]<\/p>\n<p>The innocuity of those vessels is sometimes far from neutral for wine. Acid base attacks impart surface corrosion and modify roughness and porosity. The amount of time and number of cleaning cycles piles up over the years so that the surface of the materials opens and induces a transfer of elements into the wine.<\/p>\n<p>Glass remains the exception because it\u2019s entirely vitrified.<\/p>\n<p>Even after being washed repeatedly, our glass vessels won\u2019t transfer any polluting agents into the wine.\u00a0<\/p>\n<p>[\/et_pb_toggle][\/et_pb_column][et_pb_column type=&#8221;1_3&#8243; _builder_version=&#8221;4.6.5&#8243; _module_preset=&#8221;default&#8221; global_colors_info=&#8221;{}&#8221;][et_pb_toggle title=&#8221;No glue&#8221; icon_color=&#8221;#8bafad&#8221; open_icon_color=&#8221;#8bafad&#8221; _builder_version=&#8221;4.13.0&#8243; _module_preset=&#8221;default&#8221; background_color=&#8221;rgba(206,227,226,0.29)&#8221; custom_margin=&#8221;||||false|false&#8221; custom_padding=&#8221;1em||1em||false|false&#8221; border_color_all=&#8221;rgba(0,0,0,0)&#8221; global_colors_info=&#8221;{}&#8221;]<\/p>\n<p>We are intent on protecting the environment as well as the quality of the final product. We&#8217;re always seeking solutions that rule out any pollution possibility, in order to avoid affecting the balance of a wine or the consumer&#8217;s health. Thus, we have chosen to make glass vessels in one piece, without assembly, to avoid any chance of aromatic or flavor or chemical impact (no glue).<\/p>\n<p>[\/et_pb_toggle][et_pb_toggle title=&#8221;Reducing pollution: less water and chemicals used&#8221; icon_color=&#8221;#8bafad&#8221; open_icon_color=&#8221;#8bafad&#8221; _builder_version=&#8221;4.14.6&#8243; _module_preset=&#8221;default&#8221; background_color=&#8221;rgba(206,227,226,0.29)&#8221; custom_margin=&#8221;||||false|false&#8221; custom_padding=&#8221;1em||1em||false|false&#8221; border_color_all=&#8221;rgba(0,0,0,0)&#8221; global_colors_info=&#8221;{}&#8221;]<\/p>\n<p>The wine industry currently uses 0.5 to 10 liters of water per liter of wine produced, mostly for cleaning the vessels. Wineglobe only needs between 0.05 to 0.1 liters of water per liter of wine (no porosity, weak resistance to descaling or removing deposits).<\/p>\n<p>Moreover, the Wineglobe reduces water pollution impact thanks to the absence of cleansing or thermal agents.\u00a0<\/p>\n<p>Moreover, the Wineglobe reduces water pollution impact thanks to the absence of cleansing or thermal agents.<\/p>\n<p>[\/et_pb_toggle][\/et_pb_column][et_pb_column type=&#8221;1_3&#8243; _builder_version=&#8221;4.6.5&#8243; _module_preset=&#8221;default&#8221; global_colors_info=&#8221;{}&#8221;][et_pb_toggle title=&#8221;Using lasting materials &#8221; icon_color=&#8221;#8bafad&#8221; open_icon_color=&#8221;#8bafad&#8221; _builder_version=&#8221;4.13.0&#8243; _module_preset=&#8221;default&#8221; background_color=&#8221;rgba(206,227,226,0.29)&#8221; custom_margin=&#8221;||||false|false&#8221; custom_padding=&#8221;1em||1em||false|false&#8221; border_color_all=&#8221;rgba(0,0,0,0)&#8221; global_colors_info=&#8221;{}&#8221;]<\/p>\n<p>Glass is a lasting material that withstands time. Wineglobes have an infinite lifespan and can be used forever.<\/p>\n<p>[\/et_pb_toggle][\/et_pb_column][\/et_pb_row][\/et_pb_section]<\/p>\n","protected":false},"excerpt":{"rendered":"<p>General questionsFamille Paetzold imagined, created and developed a new technical and original vessel for winemaking, aging and keeping white, red and pink wines: the Wineglobe. It&#8217;s a round-shaped glass vessel that holds over 200 liters in transparent borosilicate glass.It the only container suitable for every winemaking step: vinification, aging and long-term aging. In practice, we [&hellip;]<\/p>\n","protected":false},"author":1,"featured_media":0,"parent":0,"menu_order":0,"comment_status":"closed","ping_status":"closed","template":"","meta":{"_seopress_robots_primary_cat":"","_seopress_titles_title":"","_seopress_titles_desc":"Consult our FAQ to know everything about Wineglobe, our alternative to the barrel: manufacture of our glass tank, benefits on your wines (shine, purity).","_seopress_robots_index":"","_et_pb_use_builder":"on","_et_pb_old_content":"","_et_gb_content_width":"","_mo_disable_npp":"","footnotes":""},"class_list":["post-23975","page","type-page","status-publish","hentry"],"_links":{"self":[{"href":"https:\/\/www.wineglobe.fr\/en\/wp-json\/wp\/v2\/pages\/23975","targetHints":{"allow":["GET"]}}],"collection":[{"href":"https:\/\/www.wineglobe.fr\/en\/wp-json\/wp\/v2\/pages"}],"about":[{"href":"https:\/\/www.wineglobe.fr\/en\/wp-json\/wp\/v2\/types\/page"}],"author":[{"embeddable":true,"href":"https:\/\/www.wineglobe.fr\/en\/wp-json\/wp\/v2\/users\/1"}],"replies":[{"embeddable":true,"href":"https:\/\/www.wineglobe.fr\/en\/wp-json\/wp\/v2\/comments?post=23975"}],"version-history":[{"count":0,"href":"https:\/\/www.wineglobe.fr\/en\/wp-json\/wp\/v2\/pages\/23975\/revisions"}],"wp:attachment":[{"href":"https:\/\/www.wineglobe.fr\/en\/wp-json\/wp\/v2\/media?parent=23975"}],"curies":[{"name":"wp","href":"https:\/\/api.w.org\/{rel}","templated":true}]}}