{"id":31794,"date":"2021-01-08T11:20:39","date_gmt":"2021-01-08T10:20:39","guid":{"rendered":"https:\/\/www.wineglobe.fr\/?page_id=31794"},"modified":"2021-01-18T16:06:47","modified_gmt":"2021-01-18T15:06:47","slug":"personal-data-protection-policy","status":"publish","type":"page","link":"https:\/\/www.wineglobe.fr\/en\/personal-data-protection-policy\/","title":{"rendered":"Personal data protection policy"},"content":{"rendered":"<p>[et_pb_section fb_built=&#8221;1&#8243; admin_label=&#8221;section&#8221; _builder_version=&#8221;3.22&#8243;][et_pb_row _builder_version=&#8221;4.6.6&#8243; _module_preset=&#8221;default&#8221; width=&#8221;34%&#8221; width_tablet=&#8221;80%&#8221; width_phone=&#8221;&#8221; width_last_edited=&#8221;on|desktop&#8221;][et_pb_column type=&#8221;4_4&#8243; _builder_version=&#8221;4.6.6&#8243; _module_preset=&#8221;default&#8221;][et_pb_text _builder_version=&#8221;4.6.6&#8243; _module_preset=&#8221;default&#8221; hover_enabled=&#8221;0&#8243; sticky_enabled=&#8221;0&#8243;]<\/p>\n<h2 style=\"text-align: center;\"><strong>Personal data protection policy<\/strong><\/h2>\n<p>[\/et_pb_text][\/et_pb_column][\/et_pb_row][et_pb_row column_structure=&#8221;1_2,1_2&#8243; admin_label=&#8221;row&#8221; _builder_version=&#8221;3.25&#8243; background_size=&#8221;initial&#8221; background_position=&#8221;top_left&#8221; background_repeat=&#8221;repeat&#8221;][et_pb_column type=&#8221;1_2&#8243; _builder_version=&#8221;3.25&#8243; custom_padding=&#8221;|||&#8221; custom_padding__hover=&#8221;|||&#8221;][et_pb_text _builder_version=&#8221;4.6.6&#8243; _module_preset=&#8221;default&#8221;]<\/p>\n<p class=\"p1\"><span style=\"font-size: 14px;\">La pr\u00e9sente politique de protection des Donn\u00e9es \u00e0 caract\u00e8re personnel \u00e9nonce les pratiques et les conditions dans lesquelles Wineglobe traite vos Donn\u00e9es \u00e0 caract\u00e8re personnel.<\/span><\/p>\n<p class=\"p3\"><span class=\"s1\">La pr\u00e9sente Politique s\u2019applique lorsque vos Donn\u00e9es sont collect\u00e9es sur le site Internet \u00e9dit\u00e9 par Wineglobe ainsi que dans le cadre vos relations, de quelque nature qu\u2019elles soient, avec Wineglobe.\u00a0<\/span><\/p>\n<p class=\"p3\"><span class=\"s1\">Les Donn\u00e9es \u00e0 caract\u00e8re personnel sont toute information se rapportant \u00e0 une personne physique identifi\u00e9e ou identifiable\u00a0 ; est r\u00e9put\u00e9e \u00eatre une \u00abpersonne physique identifiable\u00bb une personne physique qui peut \u00eatre identifi\u00e9e, directement ou indirectement, notamment par r\u00e9f\u00e9rence \u00e0 un identifiant, tel qu\u2019un nom, un num\u00e9ro d\u2019identification, des donn\u00e9es de localisation, un identifiant en ligne, ou \u00e0 un ou plusieurs \u00e9l\u00e9ments sp\u00e9cifiques propres \u00e0 son identit\u00e9 physique, physiologique, g\u00e9n\u00e9tique, psychique, \u00e9conomique, culturelle ou sociale ; tel que ce terme est d\u00e9fini par la r\u00e9glementation en vigueur.<\/span><\/p>\n<p class=\"p3\"><span class=\"s1\">\u00a0<\/span><\/p>\n<p class=\"p3\"><span class=\"s1\"><b>1 \u2013 QUELLES SONT LES DONN\u00c9ES\u00a0COLLECT\u00c9ES\u00a0?<\/b><\/span><\/p>\n<p class=\"p3\"><span class=\"s1\">En fonction de la fa\u00e7on dont vous interagissez avec Wineglobe et de la finalit\u00e9 de cette interaction, Wineglobe est susceptible de collecter les Donn\u00e9es suivantes :\u00a0<\/span><\/p>\n<p class=\"p3\"><span class=\"s1\">\u00b7 \u00a0 \u00a0 \u00a0\u00a0<b>Donn\u00e9es relatives \u00e0 votre identit\u00e9 :<\/b>\u00a0ces Donn\u00e9es d\u00e9signent notamment votre nom, votre pr\u00e9nom, votre adresse \u00e9lectronique, votre adresse postale ou encore votre num\u00e9ro de t\u00e9l\u00e9phone et votre profil (vigneron, \u0153nologue, ma\u00eetre de chai\u2026).<\/span><\/p>\n<p class=\"p3\"><span class=\"s1\">\u00b7 \u00a0 \u00a0 \u00a0\u00a0<b>Donn\u00e9es relatives \u00e0 la navigation :<\/b>\u00a0ces Donn\u00e9es d\u00e9signent celles concernant la mani\u00e8re dont l\u2019Utilisateur navigue sur le Site. Ces Donn\u00e9es peuvent inclure l\u2019adresse IP, la r\u00e9solution de l\u2019\u00e9cran, le navigateur utilis\u00e9, le temps de navigation, l\u2019historique de recherche, le syst\u00e8me d\u2019exploitation utilis\u00e9, la langue et les pages visualis\u00e9es.\u00a0<\/span><\/p>\n<p class=\"p3\"><span class=\"s1\">\u00b7 \u00a0 \u00a0 \u00a0\u00a0<b>Donn\u00e9es relatives \u00e0\u00a0<\/b>Wineglobe :\u00a0coordonn\u00e9es, nombre de cuves, r\u00e9f\u00e9rence des vins\u2026<\/span><\/p>\n<p class=\"p3\"><span class=\"s1\">\u00b7 \u00a0 \u00a0 \u00a0\u00a0<b>Donn\u00e9es relatives \u00e0 l\u2019utilisation des r\u00e9seaux sociaux :<\/b>\u00a0lorsque vous interagissez avec les fonctionnalit\u00e9s de r\u00e9seaux sociaux.\u00a0<\/span><\/p>\n<p class=\"p3\"><span class=\"s1\">\u00a0<\/span><\/p>\n<p class=\"p3\"><span class=\"s1\"><b>2 \u2013 COMMENT VOS DONN\u00c9ES\u00a0SONT-ELLES COLLECT\u00c9ES\u00a0?<\/b><\/span><\/p>\n<p class=\"p3\"><span class=\"s1\"><b>2.1.<\/b>\u00a0En fonction de la fa\u00e7on dont vous interagissez avec Wineglobe, cette derni\u00e8re est susceptible de collecter vos Donn\u00e9es selon les modalit\u00e9s d\u00e9crites comme suit.<\/span><\/p>\n<p class=\"p3\"><span class=\"s1\"><b>2.2.<\/b>\u00a0Wineglobe collecte vos Donn\u00e9es directement aupr\u00e8s de vous lorsque notamment vous remplissez un formulaire de contact ou d\u2019inscription, ou encore que vous vous adressez \u00e0 Wineglobe (par exemple en lui adressant un courrier \u00e9lectronique).<\/span><\/p>\n<p class=\"p3\"><span class=\"s1\"><b>2.3.\u00a0<\/b>Wineglobe collecte indirectement vos Donn\u00e9es lorsque vous naviguez sur le Site au moyen de cookies et de balises dans les conditions d\u00e9finies plus avant. Wineglobe collecte aussi vos Donn\u00e9es via des tiers dont les r\u00e9seaux sociaux lorsque vous utilisez le compte dont vous \u00eates titulaire aupr\u00e8s de ces tiers pour vous connecter ou vous inscrire \u00e0 une manifestation.<\/span><\/p>\n<p class=\"p3\"><span class=\"s1\"><b>2.2.<\/b>\u00a0Lorsque vous communiquez des Donn\u00e9es \u00e0 Wineglobe, il vous appartient de vous assurer qu\u2019elles sont exactes et compl\u00e8tes. Le cas \u00e9ch\u00e9ant, vous devez les mettre \u00e0 jour.<b>\u00a0<\/b><\/span><\/p>\n<p class=\"p3\"><span class=\"s1\"><b>3 \u2013 POURQUOI VOS DONN\u00c9ES\u00a0SONT- ELLES COLLECT\u00c9ES\u00a0?<\/b><\/span><\/p>\n<p class=\"p3\"><span class=\"s1\">Vos Donn\u00e9es font l\u2019objet de traitements automatis\u00e9s mis en \u0153uvre par Wineglobe pour les diverses finalit\u00e9s ci-apr\u00e8s d\u00e9crites dans le cadre de votre utilisation du site dont l\u2019organisation lui a \u00e9t\u00e9 confi\u00e9e.<\/span><\/p>\n<p class=\"p3\"><span class=\"s1\">Vos Donn\u00e9es sont trait\u00e9es pour g\u00e9rer les demandes que vous formulez et vous contacter, et organiser votre visite pendant le concours que nous organisons ou dont l\u2019organisation nous a \u00e9t\u00e9 confi\u00e9e.<\/span><\/p>\n<p class=\"p3\"><span class=\"s1\">Avec votre consentement lorsqu\u2019il est requis, vos Donn\u00e9es sont aussi susceptibles d\u2019\u00eatre trait\u00e9es pour vous adresser des informations et actualit\u00e9s sur notre concours, analyser vos pr\u00e9f\u00e9rences et vos habitudes, personnaliser et optimiser votre exp\u00e9rience sur notre Site en vous permettant notamment d\u2019acc\u00e9der \u00e0 certaines fonctionnalit\u00e9s ainsi que pour d\u00e9velopper l\u2019interactivit\u00e9 du Site, r\u00e9aliser des statistiques notamment sur l\u2019efficacit\u00e9 de nos campagnes de prospection.\u00a0\u00a0<\/span><\/p>\n<p class=\"p3\"><span class=\"s1\">\u00a0<\/span><\/p>\n<p class=\"p3\"><span class=\"s1\"><b>4 \u2013 A QUI VOS DONN\u00c9ES\u00a0SONT-ELLES DESTIN\u00c9ES\u00a0?<\/b><\/span><\/p>\n<p class=\"p3\"><span class=\"s1\"><b>4.1.<\/b>\u00a0Vos Donn\u00e9es sont trait\u00e9es par les \u00e9quipes internes de Wineglobe. En outre, seuls les prestataires de service et leur personnel limitativement habilit\u00e9s sont autoris\u00e9s \u00e0 acc\u00e9der \u00e0 vos Donn\u00e9es et ce, eu \u00e9gard aux prestations sp\u00e9cifiques qui leur sont confi\u00e9es et qu\u2019ils doivent r\u00e9aliser pour le compte exclusif de Wineglobe dans le strict respect d\u2019obligations notamment de s\u00e9curit\u00e9 et de confidentialit\u00e9.<\/span><\/p>\n<p class=\"p3\"><span class=\"s1\"><b>4.2.<\/b>\u00a0Avec votre consentement lorsqu\u2019il est requis, vos Donn\u00e9es sont susceptibles d\u2019\u00eatre transmises aux entit\u00e9s du Groupe auquel Wineglobe appartient ainsi qu\u2019\u00e0 des partenaires notamment afin qu\u2019ils vous adressent des informations et actualit\u00e9s sur les services et produits qu\u2019ils proposent.<\/span><\/p>\n<p class=\"p3\"><span class=\"s1\"><b>4.3.<\/b>\u00a0Lorsque la r\u00e9glementation en vigueur l\u2019exige, Wineglobe est susceptible de transmettre vos Donn\u00e9es aux organismes et autorit\u00e9s l\u00e9galement autoris\u00e9s \u00e0 y acc\u00e9der (notamment les autorit\u00e9s judiciaires et administratives).<\/span><\/p>\n<p class=\"p3\"><span class=\"s1\"><b>5 \u2013COMMENT VOS DONN\u00c9ES\u00a0SONT-ELLES PROT\u00c9G\u00c9ES\u00a0?<\/b><\/span><\/p>\n<p class=\"p3\"><span class=\"s1\">Wineglobe prend toutes pr\u00e9cautions utiles afin de pr\u00e9server la s\u00e9curit\u00e9 et la confidentialit\u00e9 de vos Donn\u00e9es afin, notamment, d\u2019emp\u00eacher qu\u2019elles soient d\u00e9form\u00e9es, endommag\u00e9es, divulgu\u00e9es et que des tiers non-autoris\u00e9s y aient acc\u00e8s.<\/span><\/p>\n<p class=\"p3\"><span class=\"s1\"><b>6 \u2013 QUELS SONT VOS DROITS ?<\/b><\/span><\/p>\n<p class=\"p3\"><span class=\"s1\"><b>6.1.<\/b>\u00a0Conform\u00e9ment \u00e0 la r\u00e9glementation applicable, vous pouvez \u00e0 tout moment exercer votre droit d\u2019acc\u00e8s aux Donn\u00e9es, de rectification et de suppression des Donn\u00e9es vous concernant ainsi que vous opposer au traitement desdites Donn\u00e9es.<\/span><\/p>\n<p class=\"p3\"><span class=\"s1\">Dans les conditions d\u00e9finies par la r\u00e9glementation, vous disposez \u00e9galement d\u2019un droit de d\u00e9finir des directives g\u00e9n\u00e9rales ou particuli\u00e8res relatives au sort de vos Donn\u00e9es apr\u00e8s votre d\u00e9c\u00e8s. Vous \u00eates toutefois inform\u00e9 que seules les directives particuli\u00e8res relatives aux traitements de Donn\u00e9es mis en \u0153uvre par Wineglobe pour les finalit\u00e9s d\u00e9finies dans la pr\u00e9sente Politique seront enregistr\u00e9es par Wineglobe sous r\u00e9serve de son consentement sp\u00e9cifique.<\/span><\/p>\n<p class=\"p3\"><span class=\"s1\">Lorsqu\u2019ils sont applicables, vous disposez enfin d\u2019un droit \u00e0 l\u2019effacement, d\u2019un droit \u00e0 la limitation du traitement de vos Donn\u00e9es ainsi que d\u2019un droit \u00e0 la portabilit\u00e9 desdites Donn\u00e9es, uniquement et seulement dans les conditions strictement d\u00e9finies par la r\u00e9glementation applicable.\u00a0<\/span><\/p>\n<p class=\"p3\"><span class=\"s1\"><b>6.2.<\/b>\u00a0Lorsque vos Donn\u00e9es sont trait\u00e9es avec votre consentement, vous pouvez, \u00e0 tout moment, le r\u00e9voquer. Vous \u00eates cependant inform\u00e9s que les traitements mis en \u0153uvre ant\u00e9rieurement \u00e0 cette r\u00e9vocation demeureront valables.<\/span><\/p>\n<p class=\"p3\"><span class=\"s1\"><b>6.3.<\/b>\u00a0 Vous pouvez exercer vos droits en contactant Wineglobe, par voie \u00e9lectronique ou postale, aux coordonn\u00e9es suivantes :\u00a03 700, avenue de Toulouse 33140 Cadaujac (France) \u2022 Siret\u00a084758230100010\u00a0\u2022 +33 (0)5 57 83 85 83 \u2022\u00a0<a href=\"&#109;&#97;&#x69;&#x6c;&#116;&#111;&#x3a;&#x63;&#111;&#110;&#x74;&#x61;&#99;&#116;&#x40;&#x66;&#97;&#109;&#x69;&#x6c;&#108;&#101;&#x70;&#x61;&#101;&#116;&#x7a;&#x6f;&#108;&#100;&#x2e;&#x63;&#111;&#109;\"><span class=\"s2\"><b>&#x63;&#111;n&#x74;&#97;c&#x74;&#x40;&#102;&#x61;&#x6d;&#105;l&#x6c;&#101;p&#x61;&#x65;&#116;&#x7a;&#x6f;&#108;d&#x2e;&#99;o&#x6d;<\/b><\/span><\/a><\/span><\/p>\n<p class=\"p3\"><span class=\"s1\">Vous \u00eates en outre inform\u00e9 que dans certains cas, les fonctionnalit\u00e9s des Sites vous permettent de consulter et de modifier les Donn\u00e9es que vous avez communiqu\u00e9es \u00e0 Wineglobe.<\/span><\/p>\n<p class=\"p3\"><span class=\"s1\"><b>7 \u2013 PENDANT COMBIEN DE TEMPS CONSERVONS-NOUS VOS DONN\u00c9ES\u00a0?\u00a0\u00a0<\/b><\/span><\/p>\n<p class=\"p3\"><span class=\"s1\"><b>7.1.<\/b>\u00a0Wineglobe conserve vos Donn\u00e9es pendant une dur\u00e9e qui n\u2019exc\u00e8de pas la dur\u00e9e n\u00e9cessaire aux finalit\u00e9s expos\u00e9es par la pr\u00e9sente Politique. Au-del\u00e0, vos Donn\u00e9es sont susceptibles d\u2019\u00eatre archiv\u00e9es pour respecter les obligations l\u00e9gales auxquelles Wineglobe est soumis, ou supprim\u00e9es.<\/span><\/p>\n<p>[\/et_pb_text][\/et_pb_column][et_pb_column type=&#8221;1_2&#8243; _builder_version=&#8221;3.25&#8243; custom_padding=&#8221;|||&#8221; custom_padding__hover=&#8221;|||&#8221;][et_pb_text _builder_version=&#8221;4.6.6&#8243; _module_preset=&#8221;default&#8221;]<\/p>\n<p class=\"p3\">\n<p class=\"p3\"><span class=\"s1\"><b>7.2.<\/b>\u00a0Les Donn\u00e9es permettant d\u2019\u00e9tablir la preuve d\u2019un droit ou d\u2019un contrat, ou conserv\u00e9es au titre du respect d\u2019une obligation l\u00e9gale par Wineglobe sont archiv\u00e9es conform\u00e9ment aux dispositions en vigueur.<\/span><\/p>\n<p class=\"p3\"><span class=\"s1\"><b>8 \u2013 TRANSFERT DES DONN\u00c9ES<\/b><\/span><\/p>\n<p class=\"p3\"><span class=\"s1\">Le traitement de vos Donn\u00e9es pour les finalit\u00e9s d\u00e9finies dans la Politique peut n\u00e9cessiter que vos Donn\u00e9es soient transf\u00e9r\u00e9es et\/ou transmises et\/ou stock\u00e9es hors de l\u2019Union europ\u00e9enne. Dans cette hypoth\u00e8se, une information sp\u00e9cifique vous sera d\u00e9livr\u00e9e par Wineglobe.<\/span><\/p>\n<p class=\"p3\"><span class=\"s1\"><b>9 \u2013 COOKIES<\/b><\/span><\/p>\n<p class=\"p3\"><span class=\"s1\">Vous \u00eates inform\u00e9 que, lors de vos visites sur le Site, un ou plusieurs Cookies peuvent \u00eatre install\u00e9s sur votre terminal.<\/span><\/p>\n<p class=\"p3\"><span class=\"s1\"><b>9.1. Qu\u2019est-ce qu\u2019un Cookie ?<\/b><\/span><\/p>\n<p class=\"p3\"><span class=\"s1\">Au sens de la pr\u00e9sente Politique, le Cookie d\u00e9signe l\u2019ensemble des formes d\u2019acc\u00e8s et d\u2019inscription d\u2019informations sur votre terminal et notamment les informations envoy\u00e9es par les Sites et stock\u00e9es par votre navigateur sur un espace d\u00e9di\u00e9 du disque dur dudit terminal.<\/span><\/p>\n<p class=\"p3\"><span class=\"s1\"><b>9.2. Pourquoi et comment les Cookies sont-ils utilis\u00e9s ?<\/b><\/span><\/p>\n<p class=\"p3\"><span class=\"s1\"><b>9.2.1.<\/b>\u00a0Wineglobe utilise des Cookies pour :<\/span><\/p>\n<p class=\"p3\"><span class=\"s1\">\u00b7 \u00a0 \u00a0 \u00a0\u00a0assurer le fonctionnement et optimiser la performance du Site,<\/span><\/p>\n<p class=\"p3\"><span class=\"s1\">\u00b7 \u00a0 \u00a0 \u00a0\u00a0adapter le Site \u00e0 vos pr\u00e9f\u00e9rences. A titre d\u2019exemple, le Site s\u2019adapte aux pr\u00e9f\u00e9rences d\u2019affichage de votre terminal notamment en tenant compte de la langue utilis\u00e9e ou encore la r\u00e9solution d\u2019affichage.<\/span><\/p>\n<p class=\"p3\"><span class=\"s1\">\u00b7 \u00a0 \u00a0 \u00a0\u00a0faciliter votre navigation notamment en vous \u00e9vitant d\u2019avoir \u00e0 ressaisir des informations \u00e0 chaque visite sur le Site,<\/span><\/p>\n<p class=\"p3\"><span class=\"s1\">\u00b7 \u00a0 \u00a0 \u00a0\u00a0r\u00e9aliser la mesure d\u2019audience du Site et des communications qui vous sont adress\u00e9es,<\/span><\/p>\n<p class=\"p3\"><span class=\"s1\">\u00b7 \u00a0 \u00a0 \u00a0\u00a0r\u00e9aliser de la publicit\u00e9 cibl\u00e9e adapt\u00e9e \u00e0 vos centres d\u2019int\u00e9r\u00eats,<\/span><\/p>\n<p class=\"p3\"><span class=\"s1\">\u00b7 \u00a0 \u00a0 \u00a0\u00a0d\u00e9velopper l\u2019interactivit\u00e9 du Site.<\/span><\/p>\n<p class=\"p3\"><span class=\"s1\"><b>9.2.2.<\/b>\u00a0Vous \u00eates \u00e9galement inform\u00e9 que Wineglobe permet \u00e0 des tiers de d\u00e9poser des Cookies via les Sites. Wineglobe attire votre attention sur le fait que ces Cookies sont uniquement et seulement exploit\u00e9s par ces tiers.\u00a0\u00a0<\/span><\/p>\n<p class=\"p3\"><span class=\"s1\"><b>9.3. Quels sont les types de Cookies utilis\u00e9s ?<\/b><\/span><\/p>\n<p class=\"p3\"><span class=\"s1\"><b>9.3.1 \u00a0 \u00a0 \u00a0 Les Cookies Techniques<\/b><\/span><\/p>\n<p class=\"p3\"><span class=\"s1\">Les Cookies Techniques ont pour finalit\u00e9 de faciliter la navigation sur le Site, de permettre et d\u2019am\u00e9liorer le fonctionnement des Sites ainsi que l\u2019acc\u00e8s aux diff\u00e9rentes fonctionnalit\u00e9s des Sites.<\/span><\/p>\n<p class=\"p3\"><span class=\"s1\">Ils permettent \u00e9galement de mettre en \u0153uvre des mesures de s\u00e9curit\u00e9. Par exemple, lorsque cela vous est applicable, en vous demandant de vous connecter \u00e0 nouveau \u00e0 l\u2019espace exposant apr\u00e8s un certain laps de temps.<\/span><\/p>\n<p class=\"p3\"><span class=\"s1\">Vous \u00eates inform\u00e9 que si vous choisissez de d\u00e9sactiver ces Cookies Techniques, l\u2019acc\u00e8s \u00e0 nos services pourrait alors se r\u00e9v\u00e9ler alt\u00e9r\u00e9. Dans ce contexte, la responsabilit\u00e9 du Concours des Vins d\u2019Orange ne saurait \u00eatre engag\u00e9e \u00e0 aucun titre.<\/span><\/p>\n<p class=\"p3\"><span class=\"s1\"><b>9.3.2. \u00a0 \u00a0 Les Cookies de Mesure d\u2019Audience<\/b><\/span><\/p>\n<p class=\"p3\"><span class=\"s1\">Les Cookies de Mesure d\u2019Audience permettent de mesurer la fr\u00e9quentation des Sites et des communications qui vous sont adress\u00e9es (contenus, rubriques, temps pass\u00e9, navigateur utilis\u00e9\u2026).<\/span><\/p>\n<p class=\"p3\"><span class=\"s1\">Vous \u00eates inform\u00e9 que ces Cookies de Mesure d\u2019Audience peuvent, le cas \u00e9ch\u00e9ant, \u00eatre d\u00e9pos\u00e9s sur les Sites par des tiers pour le compte de Wineglobe.<\/span><\/p>\n<p class=\"p3\"><span class=\"s1\"><b>9.3.3. \u00a0 \u00a0 Les Cookies Tiers de publicit\u00e9 cibl\u00e9e (Cookies Tiers publicitaires)<\/b><\/span><\/p>\n<p class=\"p3\"><span class=\"s1\">Les Cookies Tiers publicitaires permettent de proposer des publicit\u00e9s adapt\u00e9es \u00e0 vos centres d\u2019int\u00e9r\u00eats. Ils sont d\u00e9pos\u00e9s par Wineglobe ou par des tiers soit pour le compte de Wineglobe, soit pour leur propre compte.<\/span><\/p>\n<p class=\"p3\"><span class=\"s1\"><b>9.3.4. \u00a0 \u00a0 Les Cookies Tiers li\u00e9s aux boutons de partage des r\u00e9seaux sociaux (Cookies Tiers de r\u00e9seaux sociaux)<\/b><\/span><\/p>\n<p class=\"p3\"><span class=\"s1\">Les Cookies Tiers de r\u00e9seaux sociaux permettent de partager le contenu du Site avec des tiers. Tel est, notamment, le cas pour des boutons \u00ab partager \u00bb ou \u00ab j\u2019aime \u00bb \u00e9manant de tiers tel que Facebook ou Twitter. Wineglobe ne contr\u00f4le pas ces Cookies Tiers de r\u00e9seaux sociaux et les Donn\u00e9es collect\u00e9es par le biais par les soci\u00e9t\u00e9s gestionnaires de ces r\u00e9seaux sociaux.<\/span><\/p>\n<p class=\"p3\"><span class=\"s1\">Si vous ne souhaitez pas que les soci\u00e9t\u00e9s gestionnaires des r\u00e9seaux sociaux relient les donn\u00e9es collect\u00e9es par l\u2019interm\u00e9diaire de notre Site au compte dont vous \u00eates titulaire, vous devez auparavant vous d\u00e9connecter du r\u00e9seau social.<\/span><\/p>\n<p class=\"p3\"><span class=\"s1\">L\u2019Utilisateur est invit\u00e9 \u00e0 consulter les oolitiques de protection de donn\u00e9es \u00e0 caract\u00e8re personnel des soci\u00e9t\u00e9s gestionnaires des r\u00e9seaux sociaux concern\u00e9s.<\/span><\/p>\n<p class=\"p3\"><span class=\"s1\"><b>9.4. Quelle est la dur\u00e9e de conservation des Cookies ?<\/b><\/span><\/p>\n<p class=\"p3\"><span class=\"s1\">Conform\u00e9ment aux principes relatifs \u00e0 la protection des Donn\u00e9es, vous \u00eates inform\u00e9 que les Cookies sont conserv\u00e9s pendant la dur\u00e9e strictement n\u00e9cessaire aux finalit\u00e9s pour lesquelles ils sont utilis\u00e9s et ce, dans les limites d\u00e9finies par l\u2019autorit\u00e9 de protection comp\u00e9tente.<\/span><\/p>\n<p class=\"p3\"><span class=\"s1\"><b>9.5. Comment pouvez-vous g\u00e9rer le d\u00e9p\u00f4t et la lecture des Cookies ?<\/b><\/span><\/p>\n<p class=\"p3\"><span class=\"s1\">9.5.1. Vous \u00eates inform\u00e9 que vous pouvez modifier les param\u00e8tres de notre navigateur relatifs aux cookies afin de d\u00e9sactiver tout ou une partie des cookies :<\/span><\/p>\n<p class=\"p3\"><span class=\"s1\">\u00b7 \u00a0 \u00a0 \u00a0\u00a0<b>Pour Internet Explorer\u2122<\/b>\u00a0: ouvrez le menu \u00ab Outils \u00bb, puis s\u00e9lectionnez \u00ab Options internet \u00bb ; cliquez sur l\u2019onglet \u00ab Confidentialit\u00e9 \u00bb puis l\u2019onglet \u00ab Avanc\u00e9 \u00bb choisissez le niveau souhait\u00e9 ou suivez ce lien :\u00a0<a href=\"http:\/\/windows.microsoft.com\/fr-FR\/windows-vista\/Block-or-allow-cookies\"><span class=\"s2\">http:\/\/windows.microsoft.com\/fr-FR\/windows-vista\/Block-or-allow-cookies<\/span><\/a>\u00a0<\/span><\/p>\n<p class=\"p3\"><span class=\"s1\">\u00b7 \u00a0 \u00a0 \u00a0\u00a0<b>Pour Firefox\u2122<\/b>\u00a0: ouvrez le menu \u00ab Outils \u00bb, puis s\u00e9lectionnez \u00ab Options \u00bb ; cliquez sur l\u2019onglet \u00ab Vie priv\u00e9e \u00bb puis choisissez les options souhait\u00e9es ou suivez ce lien :\u00a0<a href=\"http:\/\/support.mozilla.org\/fr\/kb\/Activer%20et%20d%C3%A9sactiver%20les%20cookies\"><span class=\"s2\">http:\/\/support.mozilla.org\/fr\/kb\/Activer%20et%20d%C3%A9sactiver%20les%20cookies<\/span><\/a><\/span><\/p>\n<p class=\"p3\"><span class=\"s1\">\u00b7 \u00a0 \u00a0 \u00a0\u00a0<b>Pour Chrome\u2122<\/b>\u00a0: ouvrez le menu de configuration (logo cl\u00e9 \u00e0 molette), puis s\u00e9lectionnez \u00ab Options \u00bb ; cliquez sur \u00ab Options avanc\u00e9es \u00bb puis dans la section \u00ab Confidentialit\u00e9 \u00bb, cliquez sur \u00ab Param\u00e8tres de contenu \u00bb, et choisissez les options souhait\u00e9es ou suivez le lien suivant :<a href=\"http:\/\/support.google.com\/chrome\/bin\/answer.py?hl=fr&amp;hlrm=en&amp;answer=95647\"><span class=\"s2\">http:\/\/support.google.com\/chrome\/bin\/answer.py?hl=fr&amp;hlrm=en&amp;answer=95647\u00a0<\/span><\/a><\/span><\/p>\n<p class=\"p3\"><span class=\"s1\">\u00b7 \u00a0 \u00a0 \u00a0\u00a0<b>Pour Opera\u2122<\/b>\u00a0: ouvrez le menu \u00ab Outils \u00bb ou \u00ab R\u00e9glages \u00bb, puis s\u00e9lectionnez \u00ab Supprimer les donn\u00e9es priv\u00e9es \u00bb ; cliquez sur l\u2019onglet \u00ab Options d\u00e9taill\u00e9es \u00bb, puis choisissez les options souhait\u00e9es ou suivez ce lien :\u00a0<a href=\"http:\/\/help.opera.com\/Windows\/10.20\/fr\/cookies.html\"><span class=\"s2\">http:\/\/help.opera.com\/Windows\/10.20\/fr\/cookies.html<\/span><\/a><\/span><\/p>\n<p class=\"p3\"><span class=\"s1\"><b>9.5.2.<\/b>\u00a0Les principales soci\u00e9t\u00e9s gestionnaires des r\u00e9seaux sociaux disposent \u00e9galement de pages d\u00e9di\u00e9es aux Cookies comme pr\u00e9sent\u00e9 ci-dessous :<\/span><\/p>\n<p class=\"p4\"><span class=\"s3\">\u00b7 \u00a0 \u00a0 \u00a0\u00a0Pour Facebook :\u00a0<a href=\"https:\/\/www.facebook.com\/policies\/cookies\"><span class=\"s4\">https:\/\/www.facebook.com\/policies\/cookies<\/span><\/a><\/span><\/p>\n<p class=\"p4\"><span class=\"s3\">\u00b7 \u00a0 \u00a0 \u00a0\u00a0Pour Google :\u00a0<a href=\"https:\/\/support.google.com\/accounts\/answer\/61416?hl=fr\"><span class=\"s4\">https:\/\/support.google.com\/accounts\/answer\/61416?hl=fr<\/span><\/a><\/span><\/p>\n<p class=\"p3\"><span class=\"s1\">\u00b7 \u00a0 \u00a0 \u00a0\u00a0Pour You tube : https:\/\/www.youtube.com\/intl\/fr\/yt\/about\/policies\/#community-guidelines<\/span><\/p>\n<p class=\"p3\"><span class=\"s1\">En ce qui concerne les r\u00e9seaux sociaux, l\u2019Utilisateur doit suivre les d\u00e9marches sp\u00e9cifiques au r\u00e9seau social concern\u00e9 pour d\u00e9sactiver les cookies.<\/span><\/p>\n<p class=\"p3\"><span class=\"s1\"><b>10 \u2013 MODIFICATION DE LA POLITIQUE DE PROTECTION DES DONN\u00c9ES<\/b><\/span><\/p>\n<p class=\"p3\"><span class=\"s1\"><b>10.1.<\/b>\u00a0Toute modification par Wineglobe de la pr\u00e9sente Politique fera l\u2019objet d\u2019une mise \u00e0 jour sur le Site.<\/span><\/p>\n<p class=\"p3\"><span class=\"s1\"><b>10.2.<\/b>\u00a0L\u2019Utilisateur est invit\u00e9 \u00e0 consulter r\u00e9guli\u00e8rement la pr\u00e9sente Politique afin de prendre connaissance de toute mise \u00e0 jour ou modification.<\/span><\/p>\n<p class=\"p3\"><span class=\"s1\"><b>10.3.<\/b>\u00a0Si l\u2019une quelconque des clauses de la pr\u00e9sente Politique est d\u00e9clar\u00e9e nulle ou contraire \u00e0 la r\u00e9glementation, elle sera r\u00e9put\u00e9e non \u00e9crite mais n\u2019entra\u00eenera pas la nullit\u00e9 des autres clauses de la Politique<\/span><\/p>\n<p>[\/et_pb_text][\/et_pb_column][\/et_pb_row][\/et_pb_section]<\/p>\n","protected":false},"excerpt":{"rendered":"<p>Personal data protection policy La pr\u00e9sente politique de protection des Donn\u00e9es \u00e0 caract\u00e8re personnel \u00e9nonce les pratiques et les conditions dans lesquelles Wineglobe traite vos Donn\u00e9es \u00e0 caract\u00e8re personnel. La pr\u00e9sente Politique s\u2019applique lorsque vos Donn\u00e9es sont collect\u00e9es sur le site Internet \u00e9dit\u00e9 par Wineglobe ainsi que dans le cadre vos relations, de quelque nature [&hellip;]<\/p>\n","protected":false},"author":1,"featured_media":0,"parent":0,"menu_order":0,"comment_status":"closed","ping_status":"closed","template":"","meta":{"_seopress_robots_primary_cat":"","_seopress_titles_title":"","_seopress_titles_desc":"","_seopress_robots_index":"","_et_pb_use_builder":"on","_et_pb_old_content":"","_et_gb_content_width":"","_mo_disable_npp":"","footnotes":""},"class_list":["post-31794","page","type-page","status-publish","hentry"],"_links":{"self":[{"href":"https:\/\/www.wineglobe.fr\/en\/wp-json\/wp\/v2\/pages\/31794","targetHints":{"allow":["GET"]}}],"collection":[{"href":"https:\/\/www.wineglobe.fr\/en\/wp-json\/wp\/v2\/pages"}],"about":[{"href":"https:\/\/www.wineglobe.fr\/en\/wp-json\/wp\/v2\/types\/page"}],"author":[{"embeddable":true,"href":"https:\/\/www.wineglobe.fr\/en\/wp-json\/wp\/v2\/users\/1"}],"replies":[{"embeddable":true,"href":"https:\/\/www.wineglobe.fr\/en\/wp-json\/wp\/v2\/comments?post=31794"}],"version-history":[{"count":0,"href":"https:\/\/www.wineglobe.fr\/en\/wp-json\/wp\/v2\/pages\/31794\/revisions"}],"wp:attachment":[{"href":"https:\/\/www.wineglobe.fr\/en\/wp-json\/wp\/v2\/media?parent=31794"}],"curies":[{"name":"wp","href":"https:\/\/api.w.org\/{rel}","templated":true}]}}