{"id":31809,"date":"2021-01-08T11:21:33","date_gmt":"2021-01-08T10:21:33","guid":{"rendered":"https:\/\/www.wineglobe.fr\/?page_id=31809"},"modified":"2021-01-18T16:06:47","modified_gmt":"2021-01-18T15:06:47","slug":"legal-notice","status":"publish","type":"page","link":"https:\/\/www.wineglobe.fr\/en\/legal-notice\/","title":{"rendered":"Legal Notice"},"content":{"rendered":"<p>[et_pb_section fb_built=&#8221;1&#8243; _builder_version=&#8221;4.6.6&#8243; _module_preset=&#8221;default&#8221;][et_pb_row _builder_version=&#8221;4.6.6&#8243; _module_preset=&#8221;default&#8221;][et_pb_column type=&#8221;4_4&#8243; _builder_version=&#8221;4.6.6&#8243; _module_preset=&#8221;default&#8221;][et_pb_text _builder_version=&#8221;4.6.6&#8243; _module_preset=&#8221;default&#8221; hover_enabled=&#8221;0&#8243; sticky_enabled=&#8221;0&#8243;]<\/p>\n<h1 class=\"p2\" style=\"text-align: center;\"><span class=\"s1\"><b>Legal Notice<\/b><\/span><\/h1>\n<h3 class=\"p3\">\u00a0<\/h3>\n<p>[\/et_pb_text][\/et_pb_column][\/et_pb_row][et_pb_row column_structure=&#8221;1_2,1_2&#8243; _builder_version=&#8221;4.6.6&#8243; _module_preset=&#8221;default&#8221;][et_pb_column type=&#8221;1_2&#8243; _builder_version=&#8221;4.6.6&#8243; _module_preset=&#8221;default&#8221;][et_pb_text _builder_version=&#8221;4.6.6&#8243; _module_preset=&#8221;default&#8221;]<\/p>\n<h3 class=\"p3\"><span class=\"s1\"><b>EDITEUR<\/b><\/span><\/h3>\n<p class=\"p4\"><span class=\"s2\">Ce site est \u00e9dit\u00e9 par\u00a0Famille Paetzold,\u00a03700, avenue de Toulouse<\/span><span class=\"s1\"><br \/>\n<\/span><span class=\"s2\">33140 Cadaujac (France) \u2022 Siret\u00a084758230100010\u00a0\u2022 +33 (0)5 57 83 85 83 \u2022\u00a0<a href=\"&#x6d;&#x61;&#x69;&#x6c;&#x74;&#x6f;&#x3a;&#x63;&#x6f;&#x6e;&#x74;&#x61;&#x63;&#x74;&#x40;&#x66;&#x61;&#x6d;&#x69;&#x6c;&#x6c;&#x65;&#112;&#97;&#101;&#116;&#122;&#111;&#108;&#100;&#46;&#99;&#111;&#109;\"><span class=\"s3\"><b>&#99;o&#x6e;t&#x61;&#99;&#x74;&#64;&#x66;&#97;m&#x69;l&#x6c;&#101;&#x70;&#97;&#x65;&#116;&#x7a;&#111;l&#x64;&#46;&#x63;&#111;&#x6d;<\/b><\/span><\/a><\/span><\/p>\n<h3 class=\"p3\"><span class=\"s1\"><b>RESPONSABLE DE LA PUBLICATION<\/b><\/span><\/h3>\n<p class=\"p6\"><span class=\"s1\">Marie Paetzold, Directrice G\u00e9n\u00e9rale<\/span><\/p>\n<h3 class=\"p3\"><span class=\"s1\"><b>AGENCE WEB<\/b><\/span><\/h3>\n<p class=\"p6\"><span class=\"s1\">Sylvie Coulon \/ Terre Neuve \u2013 L\u2019orangerie \u2013 14bis RN7 \u2013\u00a0 BP 38 \u2013 84370 B\u00e9darrides T\u00e9l. 04 90 33 00 40 \u2013 Fax 04 90 33 21 94 \u2013\u00a0c&#x6f;&#x6e;&#116;&#x61;&#x63;&#116;&#64;&#x74;&#101;r&#x72;&#x65;&#110;&#x65;&#x75;&#118;e&#x2e;&#99;o&#x6d;\u00a0\u2013\u00a0<a href=\"http:\/\/www.terreneuve.com\/\"><span class=\"s3\">www.terreneuve.com<\/span><\/a><\/span><\/p>\n<h3 class=\"p3\"><span class=\"s1\"><b>H\u00c9BERGEUR<\/b><\/span><\/h3>\n<p class=\"p6\"><span class=\"s1\">OVH<\/span><\/p>\n<h3 class=\"p3\"><span class=\"s1\"><b>PHOTOTH\u00c8QUES<\/b><\/span><\/h3>\n<p class=\"p6\"><span class=\"s1\">Istock\u00a0\u2013 Terre Neuve<\/span><\/p>\n<h3 class=\"p3\"><span class=\"s1\"><b>INFORMATIQUES &amp; LIBERT\u00c9S<\/b><\/span><\/h3>\n<p class=\"p4\"><span class=\"s2\">Vous disposez d\u2019un droit d\u2019acc\u00e8s, de modification, de rectification et de suppression des donn\u00e9es qui vous concernent (art. 34 de la loi 78-17 du 6\/01\/1978 relative \u00e0 l\u2019Informatique, aux fichiers et aux libert\u00e9s). Vous pouvez exercer ce droit en nous \u00e9crivant par mail \u00e0\u00a0<a href=\"&#x6d;&#x61;&#x69;&#108;&#116;&#111;:c&#x6f;&#x6e;&#x74;&#x61;&#99;&#116;&#64;f&#x61;&#x6d;&#x69;&#x6c;&#108;&#101;pa&#x65;&#x74;&#x7a;&#x6f;&#108;&#100;&#46;co&#x6d;\"><span class=\"s3\"><b>con&#116;&#97;&#99;&#116;&#x40;&#x66;&#x61;&#x6d;&#x69;&#x6c;&#x6c;epa&#101;&#116;&#122;&#111;&#108;&#x64;&#x2e;&#x63;&#x6f;&#x6d;<\/b><\/span><\/a>\u00a0adresse suivante : 3700, avenue de Toulouse<\/span><span class=\"s1\"><br \/>\n<\/span><span class=\"s2\">33140 Cadaujac (France)<\/span><\/p>\n<h3 class=\"p3\"><span class=\"s1\"><b>CONDITIONS D\u2019UTILISATION DU SITE<\/b><\/span><\/h3>\n<p class=\"p6\"><span class=\"s1\">1. Le pr\u00e9sent site Web et l\u2019ensemble de son contenu, y compris textes, images fixes ou anim\u00e9es, bases de donn\u00e9es, programmes, langages\u2026 ci-apr\u00e8s le Site Web, est prot\u00e9g\u00e9 par le droit d\u2019auteur. L\u2019autorisation de reproduction ne vous est conc\u00e9d\u00e9e que sous forme num\u00e9rique en consultation. L\u2019impression papier est autoris\u00e9e aux fins de copie priv\u00e9e \u00e0 l\u2019usage exclusif du copiste au sens de l\u2019article L. 122-5 2\u00b0 du Code de la Propri\u00e9t\u00e9 Intellectuelle.<\/span><\/p>\n<p class=\"p6\"><span class=\"s1\">2. Les informations contenues dans le pr\u00e9sent site Web sont donn\u00e9es \u00e0 titre indicatif et sont sujettes \u00e0 changement sans pr\u00e9avis. Nous ne pouvons garantir l\u2019exactitude des informations qu\u2019il contient, ni le fonctionnement du site Web dans tous les cas de figure.<\/span><\/p>\n<p class=\"p6\">\n<p>[\/et_pb_text][\/et_pb_column][et_pb_column type=&#8221;1_2&#8243; _builder_version=&#8221;4.6.6&#8243; _module_preset=&#8221;default&#8221;][et_pb_text _builder_version=&#8221;4.6.6&#8243; _module_preset=&#8221;default&#8221;]<\/p>\n<h3 class=\"p3\"><span class=\"s1\"><b>DROITS DE PROPRI\u00c9T\u00c9 INTELLECTUELLE<\/b><\/span><\/h3>\n<p class=\"p6\"><span class=\"s1\">L\u2019ensemble des \u00e9l\u00e9ments de ce site est prot\u00e9g\u00e9 par copyright \u00a9 \u2013 tous droits r\u00e9serv\u00e9s. Tous les \u00e9l\u00e9ments de propri\u00e9t\u00e9 intellectuelle, marques, noms commerciaux et logos sont la propri\u00e9t\u00e9 de\u00a0Famille Paetzold, sauf mentions contraires. Toute reproduction du pr\u00e9sent site Web est interdite. Les dessins, photographies, images, textes, s\u00e9quences anim\u00e9es sonores ou non, et autres documentations repr\u00e9sent\u00e9es sur le pr\u00e9sent site internet sont objets de droits de propri\u00e9t\u00e9 industrielle et\/ou intellectuelle, propri\u00e9t\u00e9s de\u00a0Famille Paetzold. A ce titre, toute reproduction, repr\u00e9sentation, adaptation, traduction, et\/ou transformation, partielle ou int\u00e9grale, ou transfert sur un autre site sont interdits. La copie \u00e0 usage priv\u00e9 de ces diff\u00e9rents objets de droit est autoris\u00e9e moyennant mention de la source. Les renseignements et pr\u00e9sentations contenus dans les pages de ce site sont fournis \u00e0 titre purement indicatif et restent susceptibles de modifications \u00e0 tout moment et sans pr\u00e9avis. Leur utilisation \u00e0 des fins priv\u00e9es ou professionnelles ne saurait engager la responsabilit\u00e9 de\u00a0Famille Paetzold\u00a0de quelque mani\u00e8re que ce soit.\u00a0Famille Paetzold\u00a0ne peut garantir l\u2019exactitude, la pr\u00e9cision ou l\u2019exhaustivit\u00e9 des informations mises \u00e0 disposition sur ce site; les photos ne sont pas contractuelles.<\/span><\/p>\n<h3 class=\"p3\"><span class=\"s1\"><b>LIENS HYPERTEXTES<\/b><\/span><\/h3>\n<p class=\"p6\"><span class=\"s1\">La pr\u00e9sence de liens hypertexte renvoyant vers d\u2019autres sites ne constitue pas une garantie sur la qualit\u00e9 de contenu et de bon fonctionnement desdits sites. Notre responsabilit\u00e9 ne saurait \u00eatre engag\u00e9e quant au contenu de ces sites. L\u2019internaute doit utiliser ces informations avec les pr\u00e9cautions d\u2019usage. La cr\u00e9ation de liens hypertexte vers nos sites est soumise \u00e0 notre accord pr\u00e9alable. Dans le cas de la cr\u00e9ation d\u2019un lien hypertexte vers nos sites qui n\u2019aurait pas fait l\u2019objet d\u2019un accord pr\u00e9alable, nous nous r\u00e9servons le droit d\u2019exiger \u00e0 tout moment le retrait dudit lien hypertexte pointant sur nos sites.<\/span><\/p>\n<p>[\/et_pb_text][\/et_pb_column][\/et_pb_row][\/et_pb_section]<\/p>\n","protected":false},"excerpt":{"rendered":"<p>Legal Notice \u00a0 EDITEUR Ce site est \u00e9dit\u00e9 par\u00a0Famille Paetzold,\u00a03700, avenue de Toulouse 33140 Cadaujac (France) \u2022 Siret\u00a084758230100010\u00a0\u2022 +33 (0)5 57 83 85 83 \u2022\u00a0c&#x6f;&#x6e;&#x74;&#97;ct&#x40;&#x66;&#x61;&#109;&#105;l&#x6c;&#x65;&#x70;&#97;&#101;t&#x7a;&#x6f;&#x6c;&#100;&#46;co&#x6d; RESPONSABLE DE LA PUBLICATION Marie Paetzold, Directrice G\u00e9n\u00e9rale AGENCE WEB Sylvie Coulon \/ Terre Neuve \u2013 L\u2019orangerie \u2013 14bis RN7 \u2013\u00a0 BP 38 \u2013 84370 B\u00e9darrides T\u00e9l. 04 90 33 [&hellip;]<\/p>\n","protected":false},"author":1,"featured_media":0,"parent":0,"menu_order":0,"comment_status":"closed","ping_status":"closed","template":"","meta":{"_seopress_robots_primary_cat":"","_seopress_titles_title":"","_seopress_titles_desc":"","_seopress_robots_index":"","_et_pb_use_builder":"on","_et_pb_old_content":"","_et_gb_content_width":"","_mo_disable_npp":"","footnotes":""},"class_list":["post-31809","page","type-page","status-publish","hentry"],"_links":{"self":[{"href":"https:\/\/www.wineglobe.fr\/en\/wp-json\/wp\/v2\/pages\/31809","targetHints":{"allow":["GET"]}}],"collection":[{"href":"https:\/\/www.wineglobe.fr\/en\/wp-json\/wp\/v2\/pages"}],"about":[{"href":"https:\/\/www.wineglobe.fr\/en\/wp-json\/wp\/v2\/types\/page"}],"author":[{"embeddable":true,"href":"https:\/\/www.wineglobe.fr\/en\/wp-json\/wp\/v2\/users\/1"}],"replies":[{"embeddable":true,"href":"https:\/\/www.wineglobe.fr\/en\/wp-json\/wp\/v2\/comments?post=31809"}],"version-history":[{"count":0,"href":"https:\/\/www.wineglobe.fr\/en\/wp-json\/wp\/v2\/pages\/31809\/revisions"}],"wp:attachment":[{"href":"https:\/\/www.wineglobe.fr\/en\/wp-json\/wp\/v2\/media?parent=31809"}],"curies":[{"name":"wp","href":"https:\/\/api.w.org\/{rel}","templated":true}]}}