{"id":480337,"date":"2020-06-05T16:05:42","date_gmt":"2020-06-05T14:05:42","guid":{"rendered":"https:\/\/www.wineglobe.fr\/accueil-blanc\/"},"modified":"2023-06-01T15:35:33","modified_gmt":"2023-06-01T13:35:33","slug":"accueil-blanc","status":"publish","type":"page","link":"https:\/\/www.wineglobe.fr\/es\/","title":{"rendered":"Accueil ES"},"content":{"rendered":"<p>[et_pb_section fb_built=\u00bb1&#8243; fullwidth=\u00bbon\u00bb _builder_version=\u00bb4.17.4&#8243; width=\u00bb100%\u00bb max_width=\u00bb100%\u00bb custom_margin=\u00bb-81px||||false|false\u00bb da_disable_devices=\u00bboff|off|off\u00bb locked=\u00bboff\u00bb global_colors_info=\u00bb{}\u00bb da_is_popup=\u00bboff\u00bb da_exit_intent=\u00bboff\u00bb da_has_close=\u00bbon\u00bb da_alt_close=\u00bboff\u00bb da_dark_close=\u00bboff\u00bb da_not_modal=\u00bbon\u00bb da_is_singular=\u00bboff\u00bb da_with_loader=\u00bboff\u00bb da_has_shadow=\u00bbon\u00bb][et_pb_fullwidth_slider _builder_version=\u00bb4.17.6&#8243; background_enable_image=\u00bboff\u00bb custom_button=\u00bbon\u00bb button_text_size=\u00bb14px\u00bb button_text_color=\u00bb#cee3e2&#8243; button_border_width=\u00bb1px\u00bb button_icon=\u00bb%%3%%\u00bb button_icon_color=\u00bb#cee3e2&#8243; button_alignment=\u00bbcenter\u00bb button_custom_margin=\u00bb||||false|false\u00bb height=\u00bb800px\u00bb height_tablet=\u00bb600px\u00bb height_phone=\u00bb550px\u00bb height_last_edited=\u00bbon|phone\u00bb custom_margin=\u00bb|0px||0px|false|false\u00bb custom_padding=\u00bb||||true|false\u00bb auto=\u00bbon\u00bb auto_speed=\u00bb4000&#8243; auto_ignore_hover=\u00bbon\u00bb box_shadow_style_button=\u00bbpreset1&#8243; box_shadow_blur_button=\u00bb31px\u00bb box_shadow_spread_button=\u00bb68px\u00bb global_colors_info=\u00bb{}\u00bb][et_pb_slide _builder_version=\u00bb4.17.4&#8243; header_font=\u00bb|700|||||||\u00bb background_color=\u00bbRGBA(255,255,255,0)\u00bb background_enable_color=\u00bbon\u00bb background_image=\u00bbhttps:\/\/www.wineglobe.fr\/wp-content\/uploads\/wineglobe-accueil-6.jpg\u00bb background_enable_image=\u00bbon\u00bb custom_padding=\u00bb24%|40%||40%|false|false\u00bb custom_padding_tablet=\u00bb59%|14%||14%|false|true\u00bb custom_padding_phone=\u00bb84%||||false|true\u00bb custom_padding_last_edited=\u00bbon|phone\u00bb background_last_edited=\u00bbon|desktop\u00bb background_size_tablet=\u00bbcontain\u00bb background_size_phone=\u00bbcover\u00bb global_colors_info=\u00bb{}\u00bb sticky_transition=\u00bbon\u00bb][\/et_pb_slide][\/et_pb_fullwidth_slider][\/et_pb_section][et_pb_section fb_built=\u00bb1&#8243; _builder_version=\u00bb4.16&#8243; _module_preset=\u00bbdefault\u00bb custom_margin=\u00bb0px||||false|false\u00bb custom_padding=\u00bb0px||||false|false\u00bb da_disable_devices=\u00bboff|off|off\u00bb locked=\u00bboff\u00bb global_colors_info=\u00bb{}\u00bb da_is_popup=\u00bboff\u00bb da_exit_intent=\u00bboff\u00bb da_has_close=\u00bbon\u00bb da_alt_close=\u00bboff\u00bb da_dark_close=\u00bboff\u00bb da_not_modal=\u00bbon\u00bb da_is_singular=\u00bboff\u00bb da_with_loader=\u00bboff\u00bb da_has_shadow=\u00bbon\u00bb][et_pb_row _builder_version=\u00bb4.17.6&#8243; width=\u00bb50%\u00bb width_tablet=\u00bb73%\u00bb width_phone=\u00bb\u00bb width_last_edited=\u00bbon|desktop\u00bb custom_padding=\u00bb70px||||false|false\u00bb locked=\u00bboff\u00bb global_colors_info=\u00bb{}\u00bb][et_pb_column type=\u00bb4_4&#8243; _builder_version=\u00bb4.16&#8243; global_colors_info=\u00bb{}\u00bb][et_pb_text _builder_version=\u00bb4.20.0&#8243; global_colors_info=\u00bb{}\u00bb]<\/p>\n<h1 style=\"text-align: center;\">WINEGLOBE, REVELADOR DE GRANDES VINOS<\/h1>\n<p>[\/et_pb_text][et_pb_text _builder_version=\u00bb4.20.0&#8243; custom_margin=\u00bb||7px||false|false\u00bb global_colors_info=\u00bb{}\u00bb]<\/p>\n<h3 style=\"text-align: center;\">La belleza de la uva surge del suelo, el clima, la variedad de uva y su trabajo. Si lo que busca es expresar todo este potencial en un gran vino que cumpla con sus expectativas, el Wineglobe es para usted.<\/h3>\n<p>[\/et_pb_text][\/et_pb_column][\/et_pb_row][et_pb_row column_structure=\u00bb1_3,1_3,1_3&#8243; _builder_version=\u00bb4.17.4&#8243; _module_preset=\u00bbdefault\u00bb custom_margin=\u00bb60px||||false|false\u00bb global_colors_info=\u00bb{}\u00bb][et_pb_column type=\u00bb1_3&#8243; _builder_version=\u00bb4.17.4&#8243; _module_preset=\u00bbdefault\u00bb global_colors_info=\u00bb{}\u00bb][et_pb_testimonial author=\u00bbAnabelle Cruse Bardinet \u00bb company_name=\u00bbChateau CORBIN\u00bb quote_icon_color=\u00bb#8BAFAD\u00bb _builder_version=\u00bb4.20.0&#8243; _module_preset=\u00bbdefault\u00bb global_colors_info=\u00bb{}\u00bb]<\/p>\n<p>El Wineglobe se inscribe en un modelo respetuoso del terru\u00f1o. El vino es m\u00e1s equilibrado, armonioso y a la vez vivo y vibrante.<\/p>\n<p>[\/et_pb_testimonial][\/et_pb_column][et_pb_column type=\u00bb1_3&#8243; _builder_version=\u00bb4.17.4&#8243; _module_preset=\u00bbdefault\u00bb global_colors_info=\u00bb{}\u00bb][et_pb_testimonial author=\u00bbSt\u00e9phane Derenoncourt\u00bb company_name=\u00bbDomaine de l\u2019A\u00bb quote_icon_color=\u00bb#8BAFAD\u00bb _builder_version=\u00bb4.20.0&#8243; _module_preset=\u00bbdefault\u00bb global_colors_info=\u00bb{}\u00bb]<\/p>\n<p>Hemos encontrado el recipiente perfecto en nuestra b\u00fasqueda de pureza, frescura e identidad.<\/p>\n<p>[\/et_pb_testimonial][\/et_pb_column][et_pb_column type=\u00bb1_3&#8243; _builder_version=\u00bb4.17.4&#8243; _module_preset=\u00bbdefault\u00bb global_colors_info=\u00bb{}\u00bb][et_pb_testimonial author=\u00bbChristophe Perrot Minot\u00bb company_name=\u00bbDomaine PERROT-MINOT\u00bb quote_icon_color=\u00bb#8BAFAD\u00bb _builder_version=\u00bb4.20.0&#8243; _module_preset=\u00bbdefault\u00bb global_colors_info=\u00bb{}\u00bb]<\/p>\n<p>El vino conserva todo su frescor y nitidez sin presentar se\u00f1ales de fatiga.<\/p>\n<p>[\/et_pb_testimonial][\/et_pb_column][\/et_pb_row][\/et_pb_section][et_pb_section fb_built=\u00bb1&#8243; _builder_version=\u00bb4.17.4&#8243; _module_preset=\u00bbdefault\u00bb da_disable_devices=\u00bboff|off|off\u00bb locked=\u00bboff\u00bb global_colors_info=\u00bb{}\u00bb da_is_popup=\u00bboff\u00bb da_exit_intent=\u00bboff\u00bb da_has_close=\u00bbon\u00bb da_alt_close=\u00bboff\u00bb da_dark_close=\u00bboff\u00bb da_not_modal=\u00bbon\u00bb da_is_singular=\u00bboff\u00bb da_with_loader=\u00bboff\u00bb da_has_shadow=\u00bbon\u00bb][et_pb_row column_structure=\u00bb1_2,1_2&#8243; _builder_version=\u00bb4.17.4&#8243; _module_preset=\u00bbdefault\u00bb global_colors_info=\u00bb{}\u00bb][et_pb_column type=\u00bb1_2&#8243; _builder_version=\u00bb4.17.4&#8243; _module_preset=\u00bbdefault\u00bb global_colors_info=\u00bb{}\u00bb][et_pb_text _builder_version=\u00bb4.20.0&#8243; _module_preset=\u00bbdefault\u00bb custom_margin=\u00bb60px||||false|false\u00bb global_colors_info=\u00bb{}\u00bb]<\/p>\n<h2>LA VERDAD DE LA UVA<\/h2>\n<p style=\"text-align: justify;\">\u00abEl vidrio preserva todos los elementos provenientes de la uva y que dar\u00e1n belleza a un gran vino.<br \/>Gracias a la ausencia de porosidad, este potencial sensible al ox\u00edgeno se preserva totalmente: fuerza t\u00e1nica, aromas, sabores, frescor, volumen&#8230;\u00bb<\/p>\n<p>[\/et_pb_text][\/et_pb_column][et_pb_column type=\u00bb1_2&#8243; _builder_version=\u00bb4.17.4&#8243; _module_preset=\u00bbdefault\u00bb global_colors_info=\u00bb{}\u00bb][et_pb_image src=\u00bbhttps:\/\/www.wineglobe.fr\/wp-content\/uploads\/paetzold-juindomaine.jpg\u00bb title_text=\u00bbPaetzold-Juindomaine\u00bb _builder_version=\u00bb4.17.6&#8243; _module_preset=\u00bbdefault\u00bb custom_padding=\u00bb0px||||false|false\u00bb global_colors_info=\u00bb{}\u00bb][\/et_pb_image][\/et_pb_column][\/et_pb_row][et_pb_row _builder_version=\u00bb4.17.4&#8243; _module_preset=\u00bbdefault\u00bb global_colors_info=\u00bb{}\u00bb][et_pb_column type=\u00bb4_4&#8243; _builder_version=\u00bb4.17.4&#8243; _module_preset=\u00bbdefault\u00bb global_colors_info=\u00bb{}\u00bb][et_pb_divider color=\u00bb#CEE3E2&#8243; divider_weight=\u00bb6px\u00bb _builder_version=\u00bb4.17.4&#8243; _module_preset=\u00bbdefault\u00bb width=\u00bb10%\u00bb module_alignment=\u00bbcenter\u00bb global_colors_info=\u00bb{}\u00bb][\/et_pb_divider][\/et_pb_column][\/et_pb_row][et_pb_row column_structure=\u00bb1_2,1_2&#8243; _builder_version=\u00bb4.17.4&#8243; _module_preset=\u00bbdefault\u00bb global_colors_info=\u00bb{}\u00bb][et_pb_column type=\u00bb1_2&#8243; _builder_version=\u00bb4.17.4&#8243; _module_preset=\u00bbdefault\u00bb global_colors_info=\u00bb{}\u00bb][et_pb_image src=\u00bbhttps:\/\/www.wineglobe.fr\/wp-content\/uploads\/wineglobe-paetzold-verre.jpg\u00bb title_text=\u00bbwineglobe-paetzold-verre\u00bb _builder_version=\u00bb4.17.6&#8243; _module_preset=\u00bbdefault\u00bb custom_margin=\u00bb0px||||false|false\u00bb custom_padding=\u00bb||||false|false\u00bb global_colors_info=\u00bb{}\u00bb][\/et_pb_image][\/et_pb_column][et_pb_column type=\u00bb1_2&#8243; _builder_version=\u00bb4.17.4&#8243; _module_preset=\u00bbdefault\u00bb global_colors_info=\u00bb{}\u00bb][et_pb_text _builder_version=\u00bb4.20.0&#8243; _module_preset=\u00bbdefault\u00bb custom_margin=\u00bb70px||||false|false\u00bb custom_padding=\u00bb||||false|false\u00bb global_colors_info=\u00bb{}\u00bb]<\/p>\n<h2>EL CAMINO HACIA UN GRAN VINO<\/h2>\n<p style=\"text-align: justify;\">\u00abA medida que el vino madura, el vidrio tambi\u00e9n ayuda a revelar y expresar el potencial preservado.<br \/>Gracias a la composici\u00f3n del vidrio (mineral y no met\u00e1lico) el vino se envejece en una expresi\u00f3n pura, entera y armoniosa.\u00bb<\/p>\n<p>[\/et_pb_text][\/et_pb_column][\/et_pb_row][et_pb_row _builder_version=\u00bb4.17.4&#8243; _module_preset=\u00bbdefault\u00bb global_colors_info=\u00bb{}\u00bb][et_pb_column type=\u00bb4_4&#8243; _builder_version=\u00bb4.17.4&#8243; _module_preset=\u00bbdefault\u00bb global_colors_info=\u00bb{}\u00bb][et_pb_divider color=\u00bb#CEE3E2&#8243; divider_weight=\u00bb6px\u00bb _builder_version=\u00bb4.17.4&#8243; _module_preset=\u00bbdefault\u00bb width=\u00bb10%\u00bb module_alignment=\u00bbcenter\u00bb global_colors_info=\u00bb{}\u00bb][\/et_pb_divider][\/et_pb_column][\/et_pb_row][et_pb_row column_structure=\u00bb1_2,1_2&#8243; _builder_version=\u00bb4.17.4&#8243; _module_preset=\u00bbdefault\u00bb global_colors_info=\u00bb{}\u00bb][et_pb_column type=\u00bb1_2&#8243; _builder_version=\u00bb4.17.4&#8243; _module_preset=\u00bbdefault\u00bb global_colors_info=\u00bb{}\u00bb][et_pb_text _builder_version=\u00bb4.20.0&#8243; _module_preset=\u00bbdefault\u00bb custom_margin=\u00bb10px||||false|false\u00bb global_colors_info=\u00bb{}\u00bb]<\/p>\n<h2>LA GRANDEZA EN EL A\u00d1EJAMIENTO<\/h2>\n<p style=\"text-align: justify;\">Esta crianza basada en lo esencial, sin fatiga ni azar, presenta vinos con un gran potencial.<br \/>Al preservar todo el potencial del vino (brillantez, frescor, longitud, precisi\u00f3n arom\u00e1tica&#8230;), la crianza en vidrio potencia su capacidad de envejecimiento.<\/p>\n<p>[\/et_pb_text][\/et_pb_column][et_pb_column type=\u00bb1_2&#8243; _builder_version=\u00bb4.17.4&#8243; _module_preset=\u00bbdefault\u00bb global_colors_info=\u00bb{}\u00bb][et_pb_image src=\u00bbhttps:\/\/www.wineglobe.fr\/wp-content\/uploads\/degustation-wineglobe-vin-paetzold-2.jpg\u00bb title_text=\u00bbdegustation-wineglobe-vin-paetzold-2&#8243; _builder_version=\u00bb4.17.6&#8243; _module_preset=\u00bbdefault\u00bb custom_padding=\u00bb||||false|false\u00bb global_colors_info=\u00bb{}\u00bb][\/et_pb_image][\/et_pb_column][\/et_pb_row][et_pb_row _builder_version=\u00bb4.17.4&#8243; _module_preset=\u00bbdefault\u00bb locked=\u00bboff\u00bb global_colors_info=\u00bb{}\u00bb][et_pb_column type=\u00bb4_4&#8243; _builder_version=\u00bb4.17.4&#8243; _module_preset=\u00bbdefault\u00bb global_colors_info=\u00bb{}\u00bb][et_pb_text _builder_version=\u00bb4.20.0&#8243; _module_preset=\u00bbdefault\u00bb global_colors_info=\u00bb{}\u00bb]<\/p>\n<h4 style=\"text-align: center;\">Wineglobe permite elaborar vinos de terru\u00f1o expresivos y con potencial de maduraci\u00f3n<\/h4>\n<p>[\/et_pb_text][et_pb_button button_url=\u00bb@ET-DC@eyJkeW5hbWljIjp0cnVlLCJjb250ZW50IjoicG9zdF9saW5rX3VybF9wYWdlIiwic2V0dGluZ3MiOnsicG9zdF9pZCI6IjI0NDYifX0=@\u00bb button_text=\u00bbSaber m\u00e1s\u00bb button_alignment=\u00bbcenter\u00bb _builder_version=\u00bb4.20.0&#8243; _dynamic_attributes=\u00bbbutton_url\u00bb custom_button=\u00bbon\u00bb button_text_size=\u00bb14px\u00bb button_text_color=\u00bb#000000&#8243; button_border_width=\u00bb1px\u00bb button_border_color=\u00bb#4c4c4c\u00bb button_border_radius=\u00bb48px\u00bb custom_margin=\u00bb||45px|||\u00bb locked=\u00bboff\u00bb global_colors_info=\u00bb{}\u00bb][\/et_pb_button][\/et_pb_column][\/et_pb_row][et_pb_row column_structure=\u00bb1_5,1_5,1_5,1_5,1_5&#8243; _builder_version=\u00bb4.17.6&#8243; _module_preset=\u00bbdefault\u00bb background_color=\u00bbRGBA(255,255,255,0)\u00bb custom_padding=\u00bb|20px||20px|false|false\u00bb border_width_all=\u00bb3px\u00bb border_color_all=\u00bb#CEE3E2&#8243; global_colors_info=\u00bb{}\u00bb][et_pb_column type=\u00bb1_5&#8243; _builder_version=\u00bb4.17.4&#8243; _module_preset=\u00bbdefault\u00bb global_colors_info=\u00bb{}\u00bb][et_pb_image src=\u00bbhttps:\/\/www.wineglobe.fr\/wp-content\/uploads\/logo-insta-bleu.png\u00bb title_text=\u00bblogo-insta-bleu\u00bb align=\u00bbcenter\u00bb _builder_version=\u00bb4.17.6&#8243; _module_preset=\u00bbdefault\u00bb width=\u00bb30%\u00bb custom_margin=\u00bb15px||||false|false\u00bb global_colors_info=\u00bb{}\u00bb][\/et_pb_image][et_pb_button button_url=\u00bbhttps:\/\/www.instagram.com\/wine.globe\/\u00bb url_new_window=\u00bbon\u00bb &#x62;&#x75;&#x74;&#x74;&#x6f;&#x6e;&#95;&#116;&#101;&#120;t=\u00bb&#x40;&#x77;&#x69;&#x6e;&#x65;&#x2e;&#103;&#108;&#111;&#98;&#101;\u00bb _builder_version=\u00bb4.17.6&#8243; _module_preset=\u00bbdefault\u00bb custom_button=\u00bbon\u00bb button_text_color=\u00bb#CEE3E2&#8243; global_colors_info=\u00bb{}\u00bb][\/et_pb_button][\/et_pb_column][et_pb_column type=\u00bb1_5&#8243; _builder_version=\u00bb4.17.4&#8243; _module_preset=\u00bbdefault\u00bb global_colors_info=\u00bb{}\u00bb][et_pb_image src=\u00bbhttps:\/\/www.wineglobe.fr\/wp-content\/uploads\/1.jpg\u00bb title_text=\u00bb1&#8243; _builder_version=\u00bb4.17.4&#8243; _module_preset=\u00bbdefault\u00bb global_colors_info=\u00bb{}\u00bb][\/et_pb_image][\/et_pb_column][et_pb_column type=\u00bb1_5&#8243; _builder_version=\u00bb4.17.4&#8243; _module_preset=\u00bbdefault\u00bb global_colors_info=\u00bb{}\u00bb][et_pb_image src=\u00bbhttps:\/\/www.wineglobe.fr\/wp-content\/uploads\/2-scaled.jpg\u00bb title_text=\u00bb2&#8243; _builder_version=\u00bb4.17.4&#8243; _module_preset=\u00bbdefault\u00bb global_colors_info=\u00bb{}\u00bb][\/et_pb_image][\/et_pb_column][et_pb_column type=\u00bb1_5&#8243; _builder_version=\u00bb4.17.4&#8243; _module_preset=\u00bbdefault\u00bb global_colors_info=\u00bb{}\u00bb][et_pb_image src=\u00bbhttps:\/\/www.wineglobe.fr\/wp-content\/uploads\/5.jpg\u00bb title_text=\u00bb5&#8243; _builder_version=\u00bb4.17.4&#8243; _module_preset=\u00bbdefault\u00bb global_colors_info=\u00bb{}\u00bb][\/et_pb_image][\/et_pb_column][et_pb_column type=\u00bb1_5&#8243; _builder_version=\u00bb4.17.4&#8243; _module_preset=\u00bbdefault\u00bb global_colors_info=\u00bb{}\u00bb][et_pb_image src=\u00bbhttps:\/\/www.wineglobe.fr\/wp-content\/uploads\/lb2.jpg\u00bb title_text=\u00bblb2&#8243; _builder_version=\u00bb4.17.4&#8243; _module_preset=\u00bbdefault\u00bb global_colors_info=\u00bb{}\u00bb][\/et_pb_image][\/et_pb_column][\/et_pb_row][\/et_pb_section]<\/p>\n","protected":false},"excerpt":{"rendered":"<p>WINEGLOBE, REVELADOR DE GRANDES VINOSLa belleza de la uva surge del suelo, el clima, la variedad de uva y su trabajo. Si lo que busca es expresar todo este potencial en un gran vino que cumpla con sus expectativas, el Wineglobe es para usted.El Wineglobe se inscribe en un modelo respetuoso del terru\u00f1o. El vino [&hellip;]<\/p>\n","protected":false},"author":1,"featured_media":0,"parent":0,"menu_order":0,"comment_status":"closed","ping_status":"closed","template":"","meta":{"_seopress_robots_primary_cat":"","_seopress_titles_title":"Wineglobe | Le verre pour pr\u00e9server l&#039;\u00e9clat des vins ","_seopress_titles_desc":"D\u00e9couvrez Wineglobe, la cuve en verre pour pr\u00e9server l&#039;\u00e9clat des vins . Une innovation de Famille Paetzold au service des vignerons pour exprimer la v\u00e9rit\u00e9 du raisin","_seopress_robots_index":"","_et_pb_use_builder":"on","_et_pb_old_content":"","_et_gb_content_width":"","_mo_disable_npp":"","footnotes":""},"class_list":["post-480337","page","type-page","status-publish","hentry"],"_links":{"self":[{"href":"https:\/\/www.wineglobe.fr\/es\/wp-json\/wp\/v2\/pages\/480337","targetHints":{"allow":["GET"]}}],"collection":[{"href":"https:\/\/www.wineglobe.fr\/es\/wp-json\/wp\/v2\/pages"}],"about":[{"href":"https:\/\/www.wineglobe.fr\/es\/wp-json\/wp\/v2\/types\/page"}],"author":[{"embeddable":true,"href":"https:\/\/www.wineglobe.fr\/es\/wp-json\/wp\/v2\/users\/1"}],"replies":[{"embeddable":true,"href":"https:\/\/www.wineglobe.fr\/es\/wp-json\/wp\/v2\/comments?post=480337"}],"version-history":[{"count":5,"href":"https:\/\/www.wineglobe.fr\/es\/wp-json\/wp\/v2\/pages\/480337\/revisions"}],"predecessor-version":[{"id":503657,"href":"https:\/\/www.wineglobe.fr\/es\/wp-json\/wp\/v2\/pages\/480337\/revisions\/503657"}],"wp:attachment":[{"href":"https:\/\/www.wineglobe.fr\/es\/wp-json\/wp\/v2\/media?parent=480337"}],"curies":[{"name":"wp","href":"https:\/\/api.w.org\/{rel}","templated":true}]}}