{"id":480415,"date":"2020-05-29T14:53:15","date_gmt":"2020-05-29T12:53:15","guid":{"rendered":"https:\/\/www.wineglobe.fr\/qui-sommes-nous\/"},"modified":"2020-05-29T14:53:15","modified_gmt":"2020-05-29T12:53:15","slug":"qui-sommes-nous","status":"publish","type":"page","link":"https:\/\/www.wineglobe.fr\/es\/qui-sommes-nous\/","title":{"rendered":"Famille Paetzold"},"content":{"rendered":"<p>[et_pb_section fb_built=\u00bb1&#8243; fullwidth=\u00bbon\u00bb _builder_version=\u00bb4.4.7&#8243; width=\u00bb100%\u00bb max_width=\u00bb100%\u00bb custom_margin=\u00bb-81px||||false|false\u00bb locked=\u00bboff\u00bb global_colors_info=\u00bb{}\u00bb][et_pb_fullwidth_slider _builder_version=\u00bb4.6.6&#8243; background_enable_image=\u00bboff\u00bb custom_button=\u00bbon\u00bb button_text_size=\u00bb14px\u00bb button_text_color=\u00bb#cee3e2&#8243; button_border_width=\u00bb1px\u00bb button_icon=\u00bb%%3%%\u00bb button_icon_color=\u00bb#cee3e2&#8243; button_alignment=\u00bbcenter\u00bb button_custom_margin=\u00bb||||false|false\u00bb height=\u00bb800px\u00bb height_tablet=\u00bb600px\u00bb height_phone=\u00bb550px\u00bb height_last_edited=\u00bbon|desktop\u00bb custom_padding=\u00bb0px||0px||true|false\u00bb auto=\u00bbon\u00bb auto_speed=\u00bb4000&#8243; auto_ignore_hover=\u00bbon\u00bb box_shadow_style_button=\u00bbpreset1&#8243; box_shadow_blur_button=\u00bb31px\u00bb box_shadow_spread_button=\u00bb68px\u00bb global_colors_info=\u00bb{}\u00bb][et_pb_slide _builder_version=\u00bb4.6.6&#8243; header_font=\u00bb|700|||||||\u00bb background_image=\u00bbhttps:\/\/www.wineglobe.fr\/wp-content\/uploads\/wine-globe-header-2.jpg\u00bb background_enable_image=\u00bbon\u00bb custom_padding=\u00bb24%|40%||40%|false|false\u00bb custom_padding_tablet=\u00bb59%|14%||14%|false|true\u00bb custom_padding_phone=\u00bb84%||||false|true\u00bb custom_padding_last_edited=\u00bbon|phone\u00bb global_colors_info=\u00bb{}\u00bb sticky_transition=\u00bbon\u00bb][\/et_pb_slide][\/et_pb_fullwidth_slider][\/et_pb_section][et_pb_section fb_built=\u00bb1&#8243; _builder_version=\u00bb4.4.7&#8243; background_color=\u00bb#ffffff\u00bb custom_margin=\u00bb0px||||false|false\u00bb custom_padding=\u00bb34px||0px|||\u00bb locked=\u00bboff\u00bb global_colors_info=\u00bb{}\u00bb][et_pb_row _builder_version=\u00bb4.4.7&#8243; width=\u00bb42%\u00bb width_tablet=\u00bb73%\u00bb width_phone=\u00bb\u00bb width_last_edited=\u00bbon|desktop\u00bb global_colors_info=\u00bb{}\u00bb][et_pb_column type=\u00bb4_4&#8243; _builder_version=\u00bb4.4.6&#8243; global_colors_info=\u00bb{}\u00bb][et_pb_text _builder_version=\u00bb4.6.6&#8243; global_colors_info=\u00bb{}\u00bb]<\/p>\n<h1 style=\"text-align: center;\">FAMILLE PAETZOLD<\/h1>\n<p>[\/et_pb_text][et_pb_image src=\u00bbhttps:\/\/www.wineglobe.fr\/wp-content\/uploads\/wine-globe-fle\u0302che-gris-petite-1.svg\u00bb title_text=\u00bbwine-globe-fle\u0302che-gris-petite\u00bb _builder_version=\u00bb4.6.6&#8243; width=\u00bb2em\u00bb module_alignment=\u00bbcenter\u00bb custom_margin=\u00bb||2em||false|false\u00bb custom_margin_tablet=\u00bb\u00bb custom_margin_phone=\u00bb\u00bb custom_margin_last_edited=\u00bbon|phone\u00bb global_colors_info=\u00bb{}\u00bb][\/et_pb_image][\/et_pb_column][\/et_pb_row][et_pb_row _builder_version=\u00bb4.6.6&#8243; _module_preset=\u00bbdefault\u00bb custom_margin=\u00bb0px||0px||false|false\u00bb custom_padding=\u00bb0px||||false|false\u00bb global_colors_info=\u00bb{}\u00bb][et_pb_column type=\u00bb4_4&#8243; _builder_version=\u00bb4.6.6&#8243; _module_preset=\u00bbdefault\u00bb global_colors_info=\u00bb{}\u00bb][et_pb_image src=\u00bbhttps:\/\/www.wineglobe.fr\/wp-content\/uploads\/wineglobe-famille-paetzold.jpg\u00bb alt=\u00bbFamille Paetzold, cr\u00e9ateur des cuves en verre\u00bb title_text=\u00bbFamille Paetzold, cr\u00e9ateur des cuves en verre\u00bb _builder_version=\u00bb4.6.6&#8243; _module_preset=\u00bbdefault\u00bb custom_margin_tablet=\u00bb||2em||false|false\u00bb custom_margin_phone=\u00bb\u00bb custom_margin_last_edited=\u00bbon|desktop\u00bb global_colors_info=\u00bb{}\u00bb][\/et_pb_image][\/et_pb_column][\/et_pb_row][et_pb_row _builder_version=\u00bb4.6.6&#8243; _module_preset=\u00bbdefault\u00bb width=\u00bb40em\u00bb width_tablet=\u00bb\u00bb width_phone=\u00bb80%\u00bb width_last_edited=\u00bbon|phone\u00bb animation_style=\u00bbfold\u00bb global_colors_info=\u00bb{}\u00bb][et_pb_column type=\u00bb4_4&#8243; _builder_version=\u00bb4.6.6&#8243; _module_preset=\u00bbdefault\u00bb global_colors_info=\u00bb{}\u00bb][et_pb_image src=\u00bbhttps:\/\/www.wineglobe.fr\/wp-content\/uploads\/wineglobe-michael-paetzold.jpg\u00bb alt=\u00bbMichael Paetzold, cr\u00e9ateur de la cuve en verre Wineglobe\u00bb title_text=\u00bbMichael Paetzold, cr\u00e9ateur de la cuve en verre Wineglobe\u00bb align=\u00bbcenter\u00bb _builder_version=\u00bb4.6.6&#8243; transform_scale=\u00bb107%|107%\u00bb transform_scale_linked=\u00bboff\u00bb transform_translate_linked=\u00bboff\u00bb width=\u00bb14em\u00bb custom_margin=\u00bb||2em||false|false\u00bb hover_transition_speed_curve=\u00bbease-in\u00bb scroll_vertical_motion=\u00bb0|20|20|100|-1.5|-1|-1&#8243; scroll_fade=\u00bb0|29|29|100|0|100|100&#8243; border_radii=\u00bbon|616px|616px|616px|616px\u00bb global_colors_info=\u00bb{}\u00bb][\/et_pb_image][et_pb_text _builder_version=\u00bb4.6.6&#8243; _module_preset=\u00bbdefault\u00bb custom_margin=\u00bb||0px||false|false\u00bb global_colors_info=\u00bb{}\u00bb]<\/p>\n<h3 style=\"text-align: center;\"><strong>MICHAEL<\/strong><\/h3>\n<p>[\/et_pb_text][et_pb_text _builder_version=\u00bb4.14.5&#8243; _module_preset=\u00bbdefault\u00bb global_colors_info=\u00bb{}\u00bb]<\/p>\n<p style=\"text-align: center;\">\u0152nologue de formation, scientifique, vigneron et fondateur <a href=\"https:\/\/michaelpaetzold.com\/\" target=\"_blank\" rel=\"noopener\">d\u2019une entreprise \u0153notechnique unique en France<\/a> par sa capacit\u00e9 d\u2019innovation, Michael Paetzold a \u00e9t\u00e9 d\u00e9sign\u00e9 Homme de l\u2019ann\u00e9e 2019 par le guide Bettane+Desseauve. Il invente depuis pr\u00e8s de 30 ans des solutions nouvelles pour la bonne vie du vin et les progr\u00e8s du monde vinicole.<\/p>\n<p>[\/et_pb_text][\/et_pb_column][\/et_pb_row][et_pb_row column_structure=\u00bb1_3,1_3,1_3&#8243; use_custom_gutter=\u00bbon\u00bb make_equal=\u00bbon\u00bb _builder_version=\u00bb4.6.6&#8243; _module_preset=\u00bbdefault\u00bb width_tablet=\u00bb54%\u00bb width_phone=\u00bb80%\u00bb width_last_edited=\u00bbon|phone\u00bb custom_margin=\u00bb41px||41px||true|false\u00bb global_colors_info=\u00bb{}\u00bb][et_pb_column type=\u00bb1_3&#8243; _builder_version=\u00bb4.6.6&#8243; _module_preset=\u00bbdefault\u00bb background_color=\u00bb#cee3e2&#8243; custom_padding=\u00bb2em|2em|2em|2em|true|true\u00bb animation_style=\u00bbfold\u00bb border_radii=\u00bbon|22px|22px|22px|22px\u00bb global_colors_info=\u00bb{}\u00bb][et_pb_image src=\u00bbhttps:\/\/www.wineglobe.fr\/wp-content\/uploads\/wineglobe-marie-paetzold-1.jpg\u00bb alt=\u00bbMarie Paetzold, Directrice du projet de la cuve en verre Wineglobe\u00bb title_text=\u00bbMarie Paetzold, Directrice du projet de la cuve en verre Wineglobe\u00bb align=\u00bbcenter\u00bb _builder_version=\u00bb4.6.6&#8243; transform_scale=\u00bb107%|107%\u00bb transform_scale_linked=\u00bboff\u00bb transform_translate_linked=\u00bboff\u00bb width=\u00bb14em\u00bb custom_margin=\u00bb||2em||false|false\u00bb hover_transition_speed_curve=\u00bbease-in\u00bb scroll_vertical_motion=\u00bb0|20|20|100|-1.5|-1|-1&#8243; scroll_fade=\u00bb0|29|29|100|0|100|100&#8243; border_radii=\u00bbon|616px|616px|616px|616px\u00bb global_colors_info=\u00bb{}\u00bb][\/et_pb_image][et_pb_text _builder_version=\u00bb4.6.6&#8243; _module_preset=\u00bbdefault\u00bb custom_margin=\u00bb||0px||false|false\u00bb global_colors_info=\u00bb{}\u00bb]<\/p>\n<h3 style=\"text-align: center;\"><strong>MARIE<\/strong><\/h3>\n<p>[\/et_pb_text][et_pb_text _builder_version=\u00bb4.6.6&#8243; _module_preset=\u00bbdefault\u00bb global_colors_info=\u00bb{}\u00bb]<\/p>\n<p style=\"text-align: center;\">Issue d\u2019une formation \u00e9cole de commerce et DUAD, elle pilote les projets et plus particuli\u00e8rement la partie commerciale.<\/p>\n<p>[\/et_pb_text][\/et_pb_column][et_pb_column type=\u00bb1_3&#8243; _builder_version=\u00bb4.6.6&#8243; _module_preset=\u00bbdefault\u00bb background_color=\u00bb#cee3e2&#8243; custom_padding=\u00bb2em|2em|2em|2em|true|true\u00bb animation_style=\u00bbfold\u00bb border_radii=\u00bbon|22px|22px|22px|22px\u00bb global_colors_info=\u00bb{}\u00bb][et_pb_image src=\u00bbhttps:\/\/www.wineglobe.fr\/wp-content\/uploads\/wineglobe-paul-paetzold-1.jpg\u00bb alt=\u00bbAlexis Paetzold, Responsable production contenant en verre\u00bb title_text=\u00bbAlexis Paetzold, Responsable production contenant en verre\u00bb align=\u00bbcenter\u00bb _builder_version=\u00bb4.6.6&#8243; transform_scale=\u00bb107%|107%\u00bb transform_scale_linked=\u00bboff\u00bb transform_translate_linked=\u00bboff\u00bb width=\u00bb14em\u00bb custom_margin=\u00bb||2em||false|false\u00bb hover_transition_speed_curve=\u00bbease-in\u00bb scroll_vertical_motion=\u00bb0|20|20|100|-1.5|-1|-1&#8243; scroll_fade=\u00bb0|29|29|100|0|100|100&#8243; border_radii=\u00bbon|616px|616px|616px|616px\u00bb global_colors_info=\u00bb{}\u00bb][\/et_pb_image][et_pb_text _builder_version=\u00bb4.6.6&#8243; _module_preset=\u00bbdefault\u00bb custom_margin=\u00bb||0px||false|false\u00bb global_colors_info=\u00bb{}\u00bb]<\/p>\n<h3 style=\"text-align: center;\"><strong>ALEXIS<\/strong><\/h3>\n<p>[\/et_pb_text][et_pb_text _builder_version=\u00bb4.14.6&#8243; _module_preset=\u00bbdefault\u00bb hover_enabled=\u00bb0&#8243; global_colors_info=\u00bb{}\u00bb sticky_enabled=\u00bb0&#8243;]<\/p>\n<p style=\"text-align: center;\">Form\u00e9 \u00e0 l\u2019art verrier avec le CERFAV (Centre Europ\u00e9en de Recherches et de Formation aux Arts Verriers), il g\u00e8re la production de nos solutions \u0153nologiques.<\/p>\n<p>[\/et_pb_text][\/et_pb_column][et_pb_column type=\u00bb1_3&#8243; _builder_version=\u00bb4.6.6&#8243; _module_preset=\u00bbdefault\u00bb background_color=\u00bb#cee3e2&#8243; custom_padding=\u00bb2em|2em|2em|2em|true|true\u00bb animation_style=\u00bbfold\u00bb border_radii=\u00bbon|22px|22px|22px|22px\u00bb global_colors_info=\u00bb{}\u00bb][et_pb_image src=\u00bbhttps:\/\/www.wineglobe.fr\/wp-content\/uploads\/wineglobe-alexis-paetzold-1.jpg\u00bb alt=\u00bbPaul Paetzold, bient\u00f4t dans l&#8217;\u00e9quipe verre\u00bb title_text=\u00bbPaul Paetzold, bient\u00f4t dans l&#8217;\u00e9quipe verre\u00bb align=\u00bbcenter\u00bb _builder_version=\u00bb4.6.6&#8243; transform_scale=\u00bb107%|107%\u00bb transform_scale_linked=\u00bboff\u00bb transform_translate_linked=\u00bboff\u00bb width=\u00bb14em\u00bb custom_margin=\u00bb||2em||false|false\u00bb hover_transition_speed_curve=\u00bbease-in\u00bb scroll_vertical_motion=\u00bb0|20|20|100|-1.5|-1|-1&#8243; scroll_fade=\u00bb0|29|29|100|0|100|100&#8243; border_radii=\u00bbon|616px|616px|616px|616px\u00bb global_colors_info=\u00bb{}\u00bb][\/et_pb_image][et_pb_text _builder_version=\u00bb4.6.6&#8243; _module_preset=\u00bbdefault\u00bb custom_margin=\u00bb||0px||false|false\u00bb global_colors_info=\u00bb{}\u00bb]<\/p>\n<h3 style=\"text-align: center;\"><strong>PAUL<\/strong><\/h3>\n<p>[\/et_pb_text][et_pb_text _builder_version=\u00bb4.6.6&#8243; _module_preset=\u00bbdefault\u00bb global_colors_info=\u00bb{}\u00bb]<\/p>\n<p style=\"text-align: center;\">Ing\u00e9nieur Agronome de formation, il conduit les travaux de recherches \u0153nologiques et g\u00e8re les activit\u00e9s du Domaine viticole familial.\u00a0<\/p>\n<p>[\/et_pb_text][\/et_pb_column][\/et_pb_row][\/et_pb_section][et_pb_section fb_built=\u00bb1&#8243; _builder_version=\u00bb4.6.6&#8243; background_image=\u00bbhttps:\/\/www.wineglobe.fr\/wp-content\/uploads\/wine-globe-fond-9.jpg\u00bb parallax=\u00bbon\u00bb custom_padding=\u00bb289px||289px||true|false\u00bb global_colors_info=\u00bb{}\u00bb][\/et_pb_section][et_pb_section fb_built=\u00bb1&#8243; _builder_version=\u00bb4.6.6&#8243; _module_preset=\u00bbdefault\u00bb background_color=\u00bb#cee3e2&#8243; min_height=\u00bb1000px\u00bb min_height_tablet=\u00bb\u00bb min_height_phone=\u00bb\u00bb min_height_last_edited=\u00bbon|tablet\u00bb height=\u00bb1114px\u00bb height_tablet=\u00bb\u00bb height_phone=\u00bbauto\u00bb height_last_edited=\u00bbon|phone\u00bb custom_padding=\u00bb112px||0px|||\u00bb bottom_divider_style=\u00bbcurve\u00bb bottom_divider_color=\u00bb#ffffff\u00bb global_colors_info=\u00bb{}\u00bb][et_pb_row column_structure=\u00bb1_2,1_2&#8243; _builder_version=\u00bb4.6.6&#8243; _module_preset=\u00bbdefault\u00bb global_colors_info=\u00bb{}\u00bb][et_pb_column type=\u00bb1_2&#8243; _builder_version=\u00bb4.6.6&#8243; _module_preset=\u00bbdefault\u00bb global_colors_info=\u00bb{}\u00bb][et_pb_text _builder_version=\u00bb4.6.6&#8243; _module_preset=\u00bbdefault\u00bb global_colors_info=\u00bb{}\u00bb]<\/p>\n<h2 style=\"text-align: center;\">Startup Famille Paetzold<\/h2>\n<p>[\/et_pb_text][et_pb_text _builder_version=\u00bb4.6.6&#8243; _module_preset=\u00bbdefault\u00bb global_colors_info=\u00bb{}\u00bb]<\/p>\n<p style=\"text-align: justify;\">Avec l\u2019arriv\u00e9e des enfants, la famille s&#8217;agrandit et s\u2019engage \u00e0 poursuivre la qualit\u00e9 de travail et la culture du r\u00e9sultat inculqu\u00e9es par Michael Paetzold.<br \/>Nous avons cr\u00e9\u00e9 Famille Paetzold, une start-up d\u00e9di\u00e9e \u00e0 l\u2019innovation \u0153nologique. Nos outils et nos solutions sont con\u00e7us pour permettre \u00e0 chacun d\u2019atteindre la puret\u00e9 et l\u2019\u00e9motion dans ses vins.<br \/>Pour faire face aux besoins de nos clients, nous nous attachons <a href=\"https:\/\/www.wineglobe.fr\/faq\/\">\u00e0 cr\u00e9er des solutions sur mesure<\/a> et d\u2019une grande pr\u00e9cision. Nous nous engageons \u00e0 les accompagner sur certaines \u00e9tapes de leur chemin par notre expertise.<\/p>\n<p>[\/et_pb_text][\/et_pb_column][et_pb_column type=\u00bb1_2&#8243; _builder_version=\u00bb4.6.6&#8243; _module_preset=\u00bbdefault\u00bb global_colors_info=\u00bb{}\u00bb][et_pb_text _builder_version=\u00bb4.6.6&#8243; _module_preset=\u00bbdefault\u00bb global_colors_info=\u00bb{}\u00bb]<\/p>\n<h2 style=\"text-align: center;\">Vision &amp; Concept<\/h2>\n<p>[\/et_pb_text][et_pb_text _builder_version=\u00bb4.6.6&#8243; _module_preset=\u00bbdefault\u00bb global_colors_info=\u00bb{}\u00bb]<\/p>\n<p style=\"text-align: justify;\">\u00ab Au d\u00e9part, je fais un constat qui est celui de nombreux vignerons. On met tous beaucoup de travail dans la vigne pour avoir le raisin que l\u2019on veut, \u00e0 la maturit\u00e9 que l\u2019on souhaite. Et ensuite on confie ce fruit, que l\u2019on juge parfait, \u00e0 des contenants imparfaits. D\u2019o\u00f9 ces questions : qu\u2019est-ce qu\u2019une cuve parfaite ? Pour quoi faire ? Et pourquoi utiliserait-on pour fabriquer le vin un mat\u00e9riau diff\u00e9rent de celui qu\u2019on pl\u00e9biscite pour le conserver\u2026 et le boire ?<br \/>Notre cuve en verre Wineglobe vient de cette r\u00e9flexion-l\u00e0, partag\u00e9e avec un groupe de viticulteurs passionn\u00e9s comme moi par ce sujet. Ce qui est magique c\u2019est ce que l\u2019on obtient dans cette relation pure entre le verre et le vin. Avec cinq ann\u00e9es de recul, les domaines qui travaillent avec Wineglobe constatent que c\u2019est dans ce contenant que le vin s\u2019\u00e9panouit le mieux, avec une harmonie quasiment parfaite. Je souhaite d\u00e9sormais que d\u2019autres vignerons et domaines testent notre contenant avec leur vin afin d\u2019observer par eux-m\u00eames son extraordinaire potentiel, en vinification comme en \u00e9levage.\u00bb<\/p>\n<p>[\/et_pb_text][et_pb_text _builder_version=\u00bb4.6.6&#8243; _module_preset=\u00bbdefault\u00bb global_colors_info=\u00bb{}\u00bb]<\/p>\n<p style=\"text-align: right;\"><strong>Michael Paetzold,<\/strong><br \/> <em>Concepteur du Wineglobe<\/em><\/p>\n<p>[\/et_pb_text][\/et_pb_column][\/et_pb_row][et_pb_row _builder_version=\u00bb4.6.6&#8243; _module_preset=\u00bbdefault\u00bb transform_scale_tablet=\u00bb\u00bb transform_scale_phone=\u00bb\u00bb transform_scale_last_edited=\u00bbon|desktop\u00bb transform_translate=\u00bb0px|-28px\u00bb transform_translate_tablet=\u00bb0px|0px\u00bb transform_translate_phone=\u00bb\u00bb transform_translate_last_edited=\u00bbon|desktop\u00bb transform_translate_linked=\u00bboff\u00bb transform_rotate_tablet=\u00bb\u00bb transform_rotate_phone=\u00bb\u00bb transform_rotate_last_edited=\u00bbon|desktop\u00bb transform_skew_tablet=\u00bb\u00bb transform_skew_phone=\u00bb\u00bb transform_skew_last_edited=\u00bbon|desktop\u00bb transform_origin_tablet=\u00bb\u00bb transform_origin_phone=\u00bb\u00bb transform_origin_last_edited=\u00bbon|desktop\u00bb transform_styles_last_edited=\u00bbon|desktop\u00bb transform_styles_tablet=\u00bb\u00bb transform_styles_phone=\u00bb\u00bb global_colors_info=\u00bb{}\u00bb][et_pb_column type=\u00bb4_4&#8243; _builder_version=\u00bb4.6.6&#8243; _module_preset=\u00bbdefault\u00bb global_colors_info=\u00bb{}\u00bb][et_pb_image src=\u00bbhttps:\/\/www.wineglobe.fr\/wp-content\/uploads\/wine-globe-fond-5.jpg\u00bb alt=\u00bbWineglobe, la cuve en verre de la Famille Paetzold\u00bb title_text=\u00bbWineglobe, la cuve en verre de la Famille Paetzold\u00bb _builder_version=\u00bb4.6.6&#8243; _module_preset=\u00bbdefault\u00bb custom_margin=\u00bb27px|||||\u00bb global_colors_info=\u00bb{}\u00bb][\/et_pb_image][\/et_pb_column][\/et_pb_row][\/et_pb_section][et_pb_section fb_built=\u00bb1&#8243; custom_padding_last_edited=\u00bbon|phone\u00bb _builder_version=\u00bb4.6.6&#8243; background_color=\u00bbrgba(0,0,0,0)\u00bb custom_margin=\u00bb0px||||false|false\u00bb custom_padding=\u00bb0em||0em||true|false\u00bb custom_padding_tablet=\u00bb2em||2em||true|false\u00bb custom_padding_phone=\u00bb0em||0em||true|false\u00bb global_colors_info=\u00bb{}\u00bb][et_pb_row _builder_version=\u00bb4.6.6&#8243; _module_preset=\u00bbdefault\u00bb custom_margin=\u00bb168px||||false|false\u00bb custom_margin_tablet=\u00bb0px||||false|false\u00bb custom_margin_phone=\u00bb2em||||false|false\u00bb custom_margin_last_edited=\u00bbon|tablet\u00bb global_colors_info=\u00bb{}\u00bb][et_pb_column type=\u00bb4_4&#8243; _builder_version=\u00bb4.6.6&#8243; _module_preset=\u00bbdefault\u00bb global_colors_info=\u00bb{}\u00bb][et_pb_text _builder_version=\u00bb4.6.6&#8243; _module_preset=\u00bbdefault\u00bb global_colors_info=\u00bb{}\u00bb]<\/p>\n<h2 style=\"text-align: center;\">L\u2019innovation \u0153nologique<\/h2>\n<p>[\/et_pb_text][et_pb_text _builder_version=\u00bb4.6.6&#8243; _module_preset=\u00bbdefault\u00bb width=\u00bb42%\u00bb width_tablet=\u00bb88%\u00bb width_phone=\u00bb\u00bb width_last_edited=\u00bbon|phone\u00bb module_alignment=\u00bbcenter\u00bb global_colors_info=\u00bb{}\u00bb]<\/p>\n<p style=\"text-align: center;\">Notre capacit\u00e9 d\u2019innovation repose sur une longue r\u00e9flexion scientifique, technique et pragmatique. Apr\u00e8s 10 ans d\u2019\u00e9tudes et R&amp;D consacr\u00e9es \u00e0 l\u2019influence des contenants, de l\u2019oxyg\u00e8ne et du bois sur l\u2019\u00e9l\u00e9gance des vins Famille Paetzold porte aujourd\u2019hui des innovations majeures.<\/p>\n<p style=\"text-align: center;\">Des solutions qui permettent d\u2019apporter aux vins une \u00e9l\u00e9gance et finesse d\u2019expression.<\/p>\n<p>[\/et_pb_text][\/et_pb_column][\/et_pb_row][\/et_pb_section][et_pb_section fb_built=\u00bb1&#8243; _builder_version=\u00bb4.6.6&#8243; _module_preset=\u00bbdefault\u00bb custom_padding=\u00bb1px|||||\u00bb animation_style=\u00bbfold\u00bb global_module=\u00bb2885&#8243; saved_tabs=\u00bball\u00bb locked=\u00bboff\u00bb global_colors_info=\u00bb{}\u00bb][et_pb_row _builder_version=\u00bb4.6.6&#8243; _module_preset=\u00bbdefault\u00bb z_index=\u00bb1&#8243; width=\u00bb30em\u00bb custom_padding=\u00bb||0px|||\u00bb global_colors_info=\u00bb{}\u00bb][et_pb_column type=\u00bb4_4&#8243; _builder_version=\u00bb4.6.6&#8243; _module_preset=\u00bbdefault\u00bb global_colors_info=\u00bb{}\u00bb][et_pb_image src=\u00bbhttps:\/\/www.wineglobe.fr\/wp-content\/uploads\/wineglobe-globe-1.jpg\u00bb alt=\u00bbCuve en verre Wineglobe\u00bb title_text=\u00bbCuve en verre Wineglobe\u00bb align=\u00bbcenter\u00bb _builder_version=\u00bb4.6.6&#8243; _module_preset=\u00bbdefault\u00bb global_colors_info=\u00bb{}\u00bb][\/et_pb_image][\/et_pb_column][\/et_pb_row][et_pb_row disabled_on=\u00bboff|off|off\u00bb module_class=\u00bbboutons-en-ligne\u00bb _builder_version=\u00bb4.6.6&#8243; background_color=\u00bbrgba(0,0,0,0)\u00bb transform_translate=\u00bb0px|-211px\u00bb transform_translate_linked=\u00bboff\u00bb z_index=\u00bb2&#8243; width=\u00bb30%\u00bb width_tablet=\u00bb44%\u00bb width_phone=\u00bb\u00bb width_last_edited=\u00bbon|desktop\u00bb custom_margin=\u00bb1px|auto||auto|false|false\u00bb custom_margin_tablet=\u00bb\u00bb custom_margin_phone=\u00bb\u00bb custom_margin_last_edited=\u00bbon|phone\u00bb custom_padding=\u00bb4px||14px||false|false\u00bb border_radii=\u00bbon|4px|4px|4px|4px\u00bb border_width_all=\u00bb1px\u00bb border_color_all=\u00bbrgba(0,0,0,0)\u00bb locked=\u00bboff\u00bb global_colors_info=\u00bb{}\u00bb][et_pb_column type=\u00bb4_4&#8243; _builder_version=\u00bb4.4.7&#8243; global_colors_info=\u00bb{}\u00bb][et_pb_button button_url=\u00bb@ET-DC@eyJkeW5hbWljIjp0cnVlLCJjb250ZW50IjoicG9zdF9saW5rX3VybF9wYWdlIiwic2V0dGluZ3MiOnsicG9zdF9pZCI6IjI0NDYifX0=@\u00bb url_new_window=\u00bbon\u00bb button_text=\u00bbLa v\u00e9rit\u00e9 du raisin\u00bb button_alignment=\u00bbcenter\u00bb _builder_version=\u00bb4.13.0&#8243; _dynamic_attributes=\u00bbbutton_url\u00bb custom_button=\u00bbon\u00bb button_text_size=\u00bb14px\u00bb button_text_color=\u00bb#ffffff\u00bb button_bg_color=\u00bbrgba(0,0,0,0)\u00bb button_border_width=\u00bb1px\u00bb button_border_color=\u00bb#ffffff\u00bb button_border_radius=\u00bb48px\u00bb button_icon=\u00bb&#x24;||divi||400&#8243; custom_margin=\u00bb10px|10px|10px|10px|true|true\u00bb global_colors_info=\u00bb{}\u00bb][\/et_pb_button][\/et_pb_column][\/et_pb_row][\/et_pb_section]<\/p>\n","protected":false},"excerpt":{"rendered":"<p>FAMILLE PAETZOLDMICHAEL\u0152nologue de formation, scientifique, vigneron et fondateur d\u2019une entreprise \u0153notechnique unique en France par sa capacit\u00e9 d\u2019innovation, Michael Paetzold a \u00e9t\u00e9 d\u00e9sign\u00e9 Homme de l\u2019ann\u00e9e 2019 par le guide Bettane+Desseauve. Il invente depuis pr\u00e8s de 30 ans des solutions nouvelles pour la bonne vie du vin et les progr\u00e8s du monde vinicole.MARIEIssue d\u2019une formation [&hellip;]<\/p>\n","protected":false},"author":1,"featured_media":0,"parent":0,"menu_order":0,"comment_status":"closed","ping_status":"closed","template":"","meta":{"_seopress_robots_primary_cat":"","_seopress_titles_title":"Famille Paetzold, cr\u00e9ateur de la cuve en verre pour les vins","_seopress_titles_desc":"D\u00e9couvrez la startup Famille Paetzold, cr\u00e9atrice de Wineglobe, ce globe en verre pour l&#039;\u00e9levage du vin. Une proposition \u0153nologique pour accompagner les vignerons","_seopress_robots_index":"","_et_pb_use_builder":"on","_et_pb_old_content":"","_et_gb_content_width":"","_mo_disable_npp":"","footnotes":""},"class_list":["post-480415","page","type-page","status-publish","hentry"],"_links":{"self":[{"href":"https:\/\/www.wineglobe.fr\/es\/wp-json\/wp\/v2\/pages\/480415","targetHints":{"allow":["GET"]}}],"collection":[{"href":"https:\/\/www.wineglobe.fr\/es\/wp-json\/wp\/v2\/pages"}],"about":[{"href":"https:\/\/www.wineglobe.fr\/es\/wp-json\/wp\/v2\/types\/page"}],"author":[{"embeddable":true,"href":"https:\/\/www.wineglobe.fr\/es\/wp-json\/wp\/v2\/users\/1"}],"replies":[{"embeddable":true,"href":"https:\/\/www.wineglobe.fr\/es\/wp-json\/wp\/v2\/comments?post=480415"}],"version-history":[{"count":0,"href":"https:\/\/www.wineglobe.fr\/es\/wp-json\/wp\/v2\/pages\/480415\/revisions"}],"wp:attachment":[{"href":"https:\/\/www.wineglobe.fr\/es\/wp-json\/wp\/v2\/media?parent=480415"}],"curies":[{"name":"wp","href":"https:\/\/api.w.org\/{rel}","templated":true}]}}