{"id":480631,"date":"2022-01-04T12:20:31","date_gmt":"2022-01-04T11:20:31","guid":{"rendered":"https:\/\/www.wineglobe.fr\/tutoriels\/"},"modified":"2023-04-25T11:59:38","modified_gmt":"2023-04-25T09:59:38","slug":"tutoriels","status":"publish","type":"page","link":"https:\/\/www.wineglobe.fr\/es\/tutoriels\/","title":{"rendered":"TUTORIALES"},"content":{"rendered":"<p>[et_pb_section fb_built=\u00bb1&#8243; _builder_version=\u00bb4.16&#8243; _module_preset=\u00bbdefault\u00bb da_disable_devices=\u00bboff|off|off\u00bb global_colors_info=\u00bb{}\u00bb da_is_popup=\u00bboff\u00bb da_exit_intent=\u00bboff\u00bb da_has_close=\u00bbon\u00bb da_alt_close=\u00bboff\u00bb da_dark_close=\u00bboff\u00bb da_not_modal=\u00bbon\u00bb da_is_singular=\u00bboff\u00bb da_with_loader=\u00bboff\u00bb da_has_shadow=\u00bbon\u00bb][et_pb_row _builder_version=\u00bb4.16&#8243; _module_preset=\u00bbdefault\u00bb global_colors_info=\u00bb{}\u00bb][et_pb_column type=\u00bb4_4&#8243; _builder_version=\u00bb4.16&#8243; _module_preset=\u00bbdefault\u00bb global_colors_info=\u00bb{}\u00bb][et_pb_text _builder_version=\u00bb4.20.0&#8243; _module_preset=\u00bbdefault\u00bb global_colors_info=\u00bb{}\u00bb]<\/p>\n<h1 style=\"text-align: center;\">TUTORIAL FUNDA DE PROTECCI\u00d3N<\/h1>\n<p>[\/et_pb_text][et_pb_divider _builder_version=\u00bb4.16&#8243; _module_preset=\u00bbdefault\u00bb global_colors_info=\u00bb{}\u00bb][\/et_pb_divider][\/et_pb_column][\/et_pb_row][et_pb_row column_structure=\u00bb1_2,1_2&#8243; _builder_version=\u00bb4.16&#8243; _module_preset=\u00bbdefault\u00bb global_colors_info=\u00bb{}\u00bb][et_pb_column type=\u00bb1_2&#8243; _builder_version=\u00bb4.16&#8243; _module_preset=\u00bbdefault\u00bb global_colors_info=\u00bb{}\u00bb][et_pb_text _builder_version=\u00bb4.20.0&#8243; _module_preset=\u00bbdefault\u00bb global_colors_info=\u00bb{}\u00bb]<\/p>\n<h2>\u00bfC\u00d3MO PROTEGER EL WINEGLOBE CONTRA LA LUZ?<\/h2>\n<p>[\/et_pb_text][et_pb_text _builder_version=\u00bb4.20.0&#8243; _module_preset=\u00bbdefault\u00bb global_colors_info=\u00bb{}\u00bb]<\/p>\n<p>En unos segundos, le mostramos c\u00f3mo colocar la funda de protecci\u00f3n del Wineglobe para proteger el vino de la luz:<\/p>\n<p>Antes de usar la funda, proceda a una inspecci\u00f3n general de la misma<\/p>\n<p>1. Despliegue la funda y col\u00f3quela con el el\u00e1stico hacia abajo.<br \/>2. Coloque la funda sobre el Wineglobe<br \/>3. Tire del el\u00e1stico hacia abajo de un lado y luego del otro<br \/>4. Compruebe que la funda cubra la totalidad del cuello.<\/p>\n<p>[\/et_pb_text][\/et_pb_column][et_pb_column type=\u00bb1_2&#8243; _builder_version=\u00bb4.16&#8243; _module_preset=\u00bbdefault\u00bb global_colors_info=\u00bb{}\u00bb][et_pb_video src=\u00bbhttps:\/\/www.youtube.com\/watch?v=5zYSoxnJW64&#038;t=1s\u00bb _builder_version=\u00bb4.16&#8243; _module_preset=\u00bbdefault\u00bb global_colors_info=\u00bb{}\u00bb][\/et_pb_video][\/et_pb_column][\/et_pb_row][\/et_pb_section][et_pb_section fb_built=\u00bb1&#8243; _builder_version=\u00bb4.17.4&#8243; _module_preset=\u00bbdefault\u00bb background_color=\u00bbRGBA(255,255,255,0)\u00bb da_disable_devices=\u00bboff|off|off\u00bb global_colors_info=\u00bb{}\u00bb da_is_popup=\u00bboff\u00bb da_exit_intent=\u00bboff\u00bb da_has_close=\u00bbon\u00bb da_alt_close=\u00bboff\u00bb da_dark_close=\u00bboff\u00bb da_not_modal=\u00bbon\u00bb da_is_singular=\u00bboff\u00bb da_with_loader=\u00bboff\u00bb da_has_shadow=\u00bbon\u00bb][et_pb_row _builder_version=\u00bb4.16&#8243; _module_preset=\u00bbdefault\u00bb background_color=\u00bbRGBA(255,255,255,0)\u00bb global_colors_info=\u00bb{}\u00bb][et_pb_column type=\u00bb4_4&#8243; _builder_version=\u00bb4.16&#8243; _module_preset=\u00bbdefault\u00bb global_colors_info=\u00bb{}\u00bb][et_pb_text _builder_version=\u00bb4.20.0&#8243; _module_preset=\u00bbdefault\u00bb global_colors_info=\u00bb{}\u00bb]<\/p>\n<h1 style=\"text-align: center;\">TUTORIAL TAPA<\/h1>\n<p>[\/et_pb_text][et_pb_divider _builder_version=\u00bb4.16&#8243; _module_preset=\u00bbdefault\u00bb global_colors_info=\u00bb{}\u00bb][\/et_pb_divider][\/et_pb_column][\/et_pb_row][et_pb_row column_structure=\u00bb1_2,1_2&#8243; _builder_version=\u00bb4.16&#8243; _module_preset=\u00bbdefault\u00bb background_color=\u00bbRGBA(255,255,255,0)\u00bb global_colors_info=\u00bb{}\u00bb][et_pb_column type=\u00bb1_2&#8243; _builder_version=\u00bb4.16&#8243; _module_preset=\u00bbdefault\u00bb global_colors_info=\u00bb{}\u00bb][et_pb_text _builder_version=\u00bb4.20.0&#8243; _module_preset=\u00bbdefault\u00bb global_colors_info=\u00bb{}\u00bb]<\/p>\n<h2>\u00bfC\u00d3MO COLOCAR LA TAPA DEL WINEGLOBE?<\/h2>\n<p>[\/et_pb_text][et_pb_text _builder_version=\u00bb4.20.0&#8243; _module_preset=\u00bbdefault\u00bb global_colors_info=\u00bb{}\u00bb]<\/p>\n<p>A continuaci\u00f3n le explicamos, en unos cuantos pasos, c\u00f3mo fijar la tapa de su dep\u00f3sito de vidrio Wineglobe:<\/p>\n<p>Antes de utilizarla, efect\u00fae una inspecci\u00f3n general de todos los elementos (globo, junta, tapa&#8230;)<\/p>\n<p>1. Coloque la junta en L sobre el cuello del Wineglobe<br \/>2. Coloque la tapa en el cuello del Wineglobe<br \/>3. Ay\u00fadese de los dedos para centrar la tapa<br \/>4. Desatornille, desplace y atornille el tornillo en la ranura. El tornillo pasa por debajo de la tapa<br \/>5. Repita la operaci\u00f3n en todos los tornillos (apretando en estrella entre 6N.m y 22N.m)<br \/>6. Introducir el tap\u00f3n de silicona en la embocadura de acero inoxidable prevista en la tapa.<br \/>7. Insertar el borboteador en el tap\u00f3n y llenarlo con agua sulfitada (10% SO2) hasta 5 cm<\/p>\n<p>[\/et_pb_text][\/et_pb_column][et_pb_column type=\u00bb1_2&#8243; _builder_version=\u00bb4.16&#8243; _module_preset=\u00bbdefault\u00bb global_colors_info=\u00bb{}\u00bb][et_pb_video src=\u00bbhttps:\/\/www.youtube.com\/watch?v=SG9H4gee-II\u00bb _builder_version=\u00bb4.16&#8243; _module_preset=\u00bbdefault\u00bb global_colors_info=\u00bb{}\u00bb][\/et_pb_video][\/et_pb_column][\/et_pb_row][\/et_pb_section][et_pb_section fb_built=\u00bb1&#8243; _builder_version=\u00bb4.16&#8243; _module_preset=\u00bbdefault\u00bb da_disable_devices=\u00bboff|off|off\u00bb global_colors_info=\u00bb{}\u00bb da_is_popup=\u00bboff\u00bb da_exit_intent=\u00bboff\u00bb da_has_close=\u00bbon\u00bb da_alt_close=\u00bboff\u00bb da_dark_close=\u00bboff\u00bb da_not_modal=\u00bbon\u00bb da_is_singular=\u00bboff\u00bb da_with_loader=\u00bboff\u00bb da_has_shadow=\u00bbon\u00bb][et_pb_row _builder_version=\u00bb4.16&#8243; _module_preset=\u00bbdefault\u00bb global_colors_info=\u00bb{}\u00bb][et_pb_column type=\u00bb4_4&#8243; _builder_version=\u00bb4.16&#8243; _module_preset=\u00bbdefault\u00bb global_colors_info=\u00bb{}\u00bb][et_pb_text _builder_version=\u00bb4.20.0&#8243; _module_preset=\u00bbdefault\u00bb global_colors_info=\u00bb{}\u00bb]<\/p>\n<h1 style=\"text-align: center;\">\u00a0TUTORIAL ARN\u00c9S<\/h1>\n<p>[\/et_pb_text][et_pb_divider _builder_version=\u00bb4.16&#8243; _module_preset=\u00bbdefault\u00bb global_colors_info=\u00bb{}\u00bb][\/et_pb_divider][\/et_pb_column][\/et_pb_row][et_pb_row column_structure=\u00bb1_2,1_2&#8243; _builder_version=\u00bb4.16&#8243; _module_preset=\u00bbdefault\u00bb global_colors_info=\u00bb{}\u00bb][et_pb_column type=\u00bb1_2&#8243; _builder_version=\u00bb4.16&#8243; _module_preset=\u00bbdefault\u00bb global_colors_info=\u00bb{}\u00bb][et_pb_text _builder_version=\u00bb4.20.0&#8243; _module_preset=\u00bbdefault\u00bb global_colors_info=\u00bb{}\u00bb]<\/p>\n<h2>\u00bfC\u00d3MO MOVER EL WINEGLOBE CON AYUDA DEL ARN\u00c9S?<\/h2>\n<p>[\/et_pb_text][et_pb_text _builder_version=\u00bb4.20.0&#8243; _module_preset=\u00bbdefault\u00bb global_colors_info=\u00bb{}\u00bb]<\/p>\n<p>El arn\u00e9s puede colocarse r\u00e1pidamente en el Wineglobe para su manipulaci\u00f3n manual:<\/p>\n<p>Antes de utilizarlo, realice una inspecci\u00f3n general del arn\u00e9s<\/p>\n<p>1. Despliegue el arn\u00e9s y col\u00f3quelo con la cinta azul hacia arriba<br \/>2. Pase el arn\u00e9s por debajo del Wineglobe. Todas las correas deben quedar planas.<br \/>3. Apriete la hebilla de leva y fije el exceso de cinta en el velcro.<br \/>4. El Wineglobe est\u00e1 listo para ser manipulado ( desplazarlo o voltearlo).<\/p>\n<p>[\/et_pb_text][\/et_pb_column][et_pb_column type=\u00bb1_2&#8243; _builder_version=\u00bb4.16&#8243; _module_preset=\u00bbdefault\u00bb global_colors_info=\u00bb{}\u00bb][et_pb_video src=\u00bbhttps:\/\/www.youtube.com\/watch?v=2KQZT6P6LPE\u00bb _builder_version=\u00bb4.16&#8243; _module_preset=\u00bbdefault\u00bb global_colors_info=\u00bb{}\u00bb][\/et_pb_video][\/et_pb_column][\/et_pb_row][\/et_pb_section]<\/p>\n","protected":false},"excerpt":{"rendered":"<p>TUTORIAL FUNDA DE PROTECCI\u00d3N\u00bfC\u00d3MO PROTEGER EL WINEGLOBE CONTRA LA LUZ?En unos segundos, le mostramos c\u00f3mo colocar la funda de protecci\u00f3n del Wineglobe para proteger el vino de la luz: Antes de usar la funda, proceda a una inspecci\u00f3n general de la misma 1. Despliegue la funda y col\u00f3quela con el el\u00e1stico hacia abajo.2. Coloque la [&hellip;]<\/p>\n","protected":false},"author":7,"featured_media":0,"parent":0,"menu_order":0,"comment_status":"closed","ping_status":"closed","template":"","meta":{"_seopress_robots_primary_cat":"","_seopress_titles_title":"Tutoriels Wineglobe - Comment utiliser son Wineglobe ?","_seopress_titles_desc":"D\u00e9couvrez nos tutoriels pour apprendre \u00e0 mettre le couvercle du Winegloble, comment le transporter ou le prot\u00e9ger de la lumi\u00e8re","_seopress_robots_index":"","_et_pb_use_builder":"on","_et_pb_old_content":"","_et_gb_content_width":"","_mo_disable_npp":"","footnotes":""},"class_list":["post-480631","page","type-page","status-publish","hentry"],"_links":{"self":[{"href":"https:\/\/www.wineglobe.fr\/es\/wp-json\/wp\/v2\/pages\/480631","targetHints":{"allow":["GET"]}}],"collection":[{"href":"https:\/\/www.wineglobe.fr\/es\/wp-json\/wp\/v2\/pages"}],"about":[{"href":"https:\/\/www.wineglobe.fr\/es\/wp-json\/wp\/v2\/types\/page"}],"author":[{"embeddable":true,"href":"https:\/\/www.wineglobe.fr\/es\/wp-json\/wp\/v2\/users\/7"}],"replies":[{"embeddable":true,"href":"https:\/\/www.wineglobe.fr\/es\/wp-json\/wp\/v2\/comments?post=480631"}],"version-history":[{"count":5,"href":"https:\/\/www.wineglobe.fr\/es\/wp-json\/wp\/v2\/pages\/480631\/revisions"}],"predecessor-version":[{"id":496710,"href":"https:\/\/www.wineglobe.fr\/es\/wp-json\/wp\/v2\/pages\/480631\/revisions\/496710"}],"wp:attachment":[{"href":"https:\/\/www.wineglobe.fr\/es\/wp-json\/wp\/v2\/media?parent=480631"}],"curies":[{"name":"wp","href":"https:\/\/api.w.org\/{rel}","templated":true}]}}