{"id":1038209,"date":"2020-06-05T16:05:42","date_gmt":"2020-06-05T14:05:42","guid":{"rendered":"https:\/\/www.wineglobe.fr\/accueil-blanc\/"},"modified":"2024-06-11T09:47:22","modified_gmt":"2024-06-11T07:47:22","slug":"accueil-blanc","status":"publish","type":"page","link":"https:\/\/www.wineglobe.fr\/it\/","title":{"rendered":"Pagina iniziale"},"content":{"rendered":"<p>[et_pb_section fb_built=&#8221;1&#8243; fullwidth=&#8221;on&#8221; _builder_version=&#8221;4.17.4&#8243; width=&#8221;100%&#8221; max_width=&#8221;100%&#8221; custom_margin=&#8221;-81px||||false|false&#8221; da_disable_devices=&#8221;off|off|off&#8221; locked=&#8221;off&#8221; global_colors_info=&#8221;{}&#8221; da_is_popup=&#8221;off&#8221; da_exit_intent=&#8221;off&#8221; da_has_close=&#8221;on&#8221; da_alt_close=&#8221;off&#8221; da_dark_close=&#8221;off&#8221; da_not_modal=&#8221;on&#8221; da_is_singular=&#8221;off&#8221; da_with_loader=&#8221;off&#8221; da_has_shadow=&#8221;on&#8221;][et_pb_fullwidth_slider _builder_version=&#8221;4.17.6&#8243; background_enable_image=&#8221;off&#8221; custom_button=&#8221;on&#8221; button_text_size=&#8221;14px&#8221; button_text_color=&#8221;#cee3e2&#8243; button_border_width=&#8221;1px&#8221; button_icon=&#8221;%%3%%&#8221; button_icon_color=&#8221;#cee3e2&#8243; button_alignment=&#8221;center&#8221; button_custom_margin=&#8221;||||false|false&#8221; height=&#8221;800px&#8221; height_tablet=&#8221;600px&#8221; height_phone=&#8221;550px&#8221; height_last_edited=&#8221;on|phone&#8221; custom_margin=&#8221;|0px||0px|false|false&#8221; custom_padding=&#8221;||||true|false&#8221; auto=&#8221;on&#8221; auto_speed=&#8221;4000&#8243; auto_ignore_hover=&#8221;on&#8221; box_shadow_style_button=&#8221;preset1&#8243; box_shadow_blur_button=&#8221;31px&#8221; box_shadow_spread_button=&#8221;68px&#8221; global_colors_info=&#8221;{}&#8221;][et_pb_slide _builder_version=&#8221;4.17.4&#8243; header_font=&#8221;|700|||||||&#8221; background_color=&#8221;RGBA(255,255,255,0)&#8221; background_enable_color=&#8221;on&#8221; background_image=&#8221;https:\/\/www.wineglobe.fr\/wp-content\/uploads\/wineglobe-accueil-6.jpg&#8221; background_enable_image=&#8221;on&#8221; custom_padding=&#8221;24%|40%||40%|false|false&#8221; custom_padding_tablet=&#8221;59%|14%||14%|false|true&#8221; custom_padding_phone=&#8221;84%||||false|true&#8221; custom_padding_last_edited=&#8221;on|phone&#8221; background_last_edited=&#8221;on|desktop&#8221; background_size_tablet=&#8221;contain&#8221; background_size_phone=&#8221;cover&#8221; global_colors_info=&#8221;{}&#8221; sticky_transition=&#8221;on&#8221;][\/et_pb_slide][\/et_pb_fullwidth_slider][\/et_pb_section][et_pb_section fb_built=&#8221;1&#8243; _builder_version=&#8221;4.16&#8243; _module_preset=&#8221;default&#8221; custom_margin=&#8221;0px||||false|false&#8221; custom_padding=&#8221;0px||||false|false&#8221; da_disable_devices=&#8221;off|off|off&#8221; locked=&#8221;off&#8221; global_colors_info=&#8221;{}&#8221; da_is_popup=&#8221;off&#8221; da_exit_intent=&#8221;off&#8221; da_has_close=&#8221;on&#8221; da_alt_close=&#8221;off&#8221; da_dark_close=&#8221;off&#8221; da_not_modal=&#8221;on&#8221; da_is_singular=&#8221;off&#8221; da_with_loader=&#8221;off&#8221; da_has_shadow=&#8221;on&#8221;][et_pb_row _builder_version=&#8221;4.17.6&#8243; width=&#8221;50%&#8221; width_tablet=&#8221;73%&#8221; width_phone=&#8221;&#8221; width_last_edited=&#8221;on|desktop&#8221; custom_padding=&#8221;70px||||false|false&#8221; locked=&#8221;off&#8221; global_colors_info=&#8221;{}&#8221;][et_pb_column type=&#8221;4_4&#8243; _builder_version=&#8221;4.16&#8243; global_colors_info=&#8221;{}&#8221;][et_pb_text _builder_version=&#8221;4.24.0&#8243; global_colors_info=&#8221;{}&#8221;]<\/p>\n<h1 style=\"text-align: center;\">WINEGLOBE,<\/h1>\n<h1 style=\"text-align: center;\">RIVELATORE DI GRANDI VINI<\/h1>\n<p>[\/et_pb_text][et_pb_text _builder_version=&#8221;4.24.0&#8243; custom_margin=&#8221;||7px||false|false&#8221; global_colors_info=&#8221;{}&#8221;]<\/p>\n<h3 style=\"text-align: center;\">La bellezza dell&#8217;uva nasce dal suolo, dal clima, dal vitigno e dal vostro lavoro. Se ci\u00f2 che cercate \u00e8 l&#8217;espressione di questo potenziale in un grande vino che mantenga le sue promesse, <strong>Wineglobe \u00e8 per voi.<\/strong><\/h3>\n<p>[\/et_pb_text][\/et_pb_column][\/et_pb_row][et_pb_row column_structure=&#8221;1_3,1_3,1_3&#8243; _builder_version=&#8221;4.17.4&#8243; _module_preset=&#8221;default&#8221; custom_margin=&#8221;60px||||false|false&#8221; global_colors_info=&#8221;{}&#8221;][et_pb_column type=&#8221;1_3&#8243; _builder_version=&#8221;4.17.4&#8243; _module_preset=&#8221;default&#8221; global_colors_info=&#8221;{}&#8221;][et_pb_testimonial author=&#8221;Anabelle Cruse Bardinet &#8221; company_name=&#8221;Castello CORBIN&#8221; quote_icon_color=&#8221;#8BAFAD&#8221; _builder_version=&#8221;4.24.0&#8243; _module_preset=&#8221;default&#8221; global_colors_info=&#8221;{}&#8221;]<\/p>\n<p>Il Wineglobe si inserisce in un modello rispettuoso del terroir. Il vino \u00e8 pi\u00f9 equilibrato, armonico ma allo stesso tempo, vivace e vibrante.<\/p>\n<p>[\/et_pb_testimonial][\/et_pb_column][et_pb_column type=&#8221;1_3&#8243; _builder_version=&#8221;4.17.4&#8243; _module_preset=&#8221;default&#8221; global_colors_info=&#8221;{}&#8221;][et_pb_testimonial author=&#8221;St\u00e9phane Derenoncourt&#8221; company_name=&#8221;Domaine de l\u2019A&#8221; quote_icon_color=&#8221;#8BAFAD&#8221; _builder_version=&#8221;4.24.0&#8243; _module_preset=&#8221;default&#8221; custom_margin=&#8221;||||false|false&#8221; custom_padding=&#8221;||38px||false|false&#8221; hover_enabled=&#8221;0&#8243; global_colors_info=&#8221;{}&#8221; sticky_enabled=&#8221;0&#8243;]<\/p>\n<p>Abbiamo trovato la botte perfetta nella nostra ricerca di purezza, freschezza e identit\u00e0.<\/p>\n<p>[\/et_pb_testimonial][\/et_pb_column][et_pb_column type=&#8221;1_3&#8243; _builder_version=&#8221;4.17.4&#8243; _module_preset=&#8221;default&#8221; global_colors_info=&#8221;{}&#8221;][et_pb_testimonial author=&#8221;Christophe Perrot Minot&#8221; company_name=&#8221;Domain PERROT-MINOT&#8221; quote_icon_color=&#8221;#8BAFAD&#8221; _builder_version=&#8221;4.24.0&#8243; _module_preset=&#8221;default&#8221; custom_padding=&#8221;||38px||false|false&#8221; global_colors_info=&#8221;{}&#8221;]<\/p>\n<p>Il vino conserva tutta la sua freschezza e limpidezza senza mostrare alcun segno di stanchezza.<\/p>\n<p>[\/et_pb_testimonial][\/et_pb_column][\/et_pb_row][\/et_pb_section][et_pb_section fb_built=&#8221;1&#8243; _builder_version=&#8221;4.17.4&#8243; _module_preset=&#8221;default&#8221; da_disable_devices=&#8221;off|off|off&#8221; locked=&#8221;off&#8221; global_colors_info=&#8221;{}&#8221; da_is_popup=&#8221;off&#8221; da_exit_intent=&#8221;off&#8221; da_has_close=&#8221;on&#8221; da_alt_close=&#8221;off&#8221; da_dark_close=&#8221;off&#8221; da_not_modal=&#8221;on&#8221; da_is_singular=&#8221;off&#8221; da_with_loader=&#8221;off&#8221; da_has_shadow=&#8221;on&#8221;][et_pb_row column_structure=&#8221;1_2,1_2&#8243; _builder_version=&#8221;4.17.4&#8243; _module_preset=&#8221;default&#8221; global_colors_info=&#8221;{}&#8221;][et_pb_column type=&#8221;1_2&#8243; _builder_version=&#8221;4.17.4&#8243; _module_preset=&#8221;default&#8221; global_colors_info=&#8221;{}&#8221;][et_pb_text _builder_version=&#8221;4.24.0&#8243; _module_preset=&#8221;default&#8221; custom_margin=&#8221;60px||||false|false&#8221; global_colors_info=&#8221;{}&#8221;]<\/p>\n<h2>LA VERITA&#8217; DELL&#8217;UVA<\/h2>\n<p style=\"text-align: justify;\">Il vetro ci permette di preservare tutti gli elementi provenienti dall&#8217;uva, che apporteranno bellezza a un grande un vino.<br \/>Grazie all&#8217;assenza di porosit\u00e0, questo potenziale sensibile all&#8217;ossigeno viene totalmente preservato: forza tannica, aromi, sapori, freschezza, volume&#8230;.<\/p>\n<p>[\/et_pb_text][\/et_pb_column][et_pb_column type=&#8221;1_2&#8243; _builder_version=&#8221;4.17.4&#8243; _module_preset=&#8221;default&#8221; global_colors_info=&#8221;{}&#8221;][et_pb_image src=&#8221;https:\/\/www.wineglobe.fr\/wp-content\/uploads\/paetzold-juindomaine.jpg&#8221; title_text=&#8221;Paetzold-Juindomaine&#8221; _builder_version=&#8221;4.17.6&#8243; _module_preset=&#8221;default&#8221; custom_padding=&#8221;0px||||false|false&#8221; global_colors_info=&#8221;{}&#8221;][\/et_pb_image][\/et_pb_column][\/et_pb_row][et_pb_row _builder_version=&#8221;4.17.4&#8243; _module_preset=&#8221;default&#8221; global_colors_info=&#8221;{}&#8221;][et_pb_column type=&#8221;4_4&#8243; _builder_version=&#8221;4.17.4&#8243; _module_preset=&#8221;default&#8221; global_colors_info=&#8221;{}&#8221;][et_pb_divider color=&#8221;#CEE3E2&#8243; divider_weight=&#8221;6px&#8221; _builder_version=&#8221;4.17.4&#8243; _module_preset=&#8221;default&#8221; width=&#8221;10%&#8221; module_alignment=&#8221;center&#8221; global_colors_info=&#8221;{}&#8221;][\/et_pb_divider][\/et_pb_column][\/et_pb_row][et_pb_row column_structure=&#8221;1_2,1_2&#8243; _builder_version=&#8221;4.17.4&#8243; _module_preset=&#8221;default&#8221; global_colors_info=&#8221;{}&#8221;][et_pb_column type=&#8221;1_2&#8243; _builder_version=&#8221;4.17.4&#8243; _module_preset=&#8221;default&#8221; global_colors_info=&#8221;{}&#8221;][et_pb_image src=&#8221;https:\/\/www.wineglobe.fr\/wp-content\/uploads\/wineglobe-paetzold-verre.jpg&#8221; title_text=&#8221;wineglobe-paetzold-verre&#8221; _builder_version=&#8221;4.17.6&#8243; _module_preset=&#8221;default&#8221; custom_margin=&#8221;0px||||false|false&#8221; custom_padding=&#8221;||||false|false&#8221; global_colors_info=&#8221;{}&#8221;][\/et_pb_image][\/et_pb_column][et_pb_column type=&#8221;1_2&#8243; _builder_version=&#8221;4.17.4&#8243; _module_preset=&#8221;default&#8221; global_colors_info=&#8221;{}&#8221;][et_pb_text _builder_version=&#8221;4.24.0&#8243; _module_preset=&#8221;default&#8221; custom_margin=&#8221;70px||||false|false&#8221; custom_padding=&#8221;||||false|false&#8221; global_colors_info=&#8221;{}&#8221;]<\/p>\n<h2>LA STRADA VERSO UN GRANDE VINO<\/h2>\n<p style=\"text-align: justify;\">Durante il processo di affinamento, questo potenziale preservato si esprime e si rivela proprio attraverso il materiale del vetro.<br \/>Grazie alla composizione del vetro (minerale e non metallico) il vino evolve in un&#8217;espressione pura, piena e armoniosa.<\/p>\n<p>[\/et_pb_text][\/et_pb_column][\/et_pb_row][et_pb_row _builder_version=&#8221;4.17.4&#8243; _module_preset=&#8221;default&#8221; global_colors_info=&#8221;{}&#8221;][et_pb_column type=&#8221;4_4&#8243; _builder_version=&#8221;4.17.4&#8243; _module_preset=&#8221;default&#8221; global_colors_info=&#8221;{}&#8221;][et_pb_divider color=&#8221;#CEE3E2&#8243; divider_weight=&#8221;6px&#8221; _builder_version=&#8221;4.17.4&#8243; _module_preset=&#8221;default&#8221; width=&#8221;10%&#8221; module_alignment=&#8221;center&#8221; global_colors_info=&#8221;{}&#8221;][\/et_pb_divider][\/et_pb_column][\/et_pb_row][et_pb_row column_structure=&#8221;1_2,1_2&#8243; _builder_version=&#8221;4.17.4&#8243; _module_preset=&#8221;default&#8221; global_colors_info=&#8221;{}&#8221;][et_pb_column type=&#8221;1_2&#8243; _builder_version=&#8221;4.17.4&#8243; _module_preset=&#8221;default&#8221; global_colors_info=&#8221;{}&#8221;][et_pb_text _builder_version=&#8221;4.24.0&#8243; _module_preset=&#8221;default&#8221; custom_margin=&#8221;10px||||false|false&#8221; global_colors_info=&#8221;{}&#8221;]<\/p>\n<h2>LA GRANDEZZA NELL&#8217;AFFINAMENTO<\/h2>\n<p style=\"text-align: justify;\">Questo tipo di affinamento, basato sull&#8217;essenziale, senza fatica o n\u00e8 casualit\u00e0, d\u00e0 vita a dei vini dal grande potenziale.<br \/>Preservando tutto il potenziale del vino (brillantezza, freschezza, persistenza, precisione aromatica, ecc.), l&#8217;affinamento nel vetro permette di aumentarne il potenziale di invecchiamento.<\/p>\n<p>[\/et_pb_text][\/et_pb_column][et_pb_column type=&#8221;1_2&#8243; _builder_version=&#8221;4.17.4&#8243; _module_preset=&#8221;default&#8221; global_colors_info=&#8221;{}&#8221;][et_pb_image src=&#8221;https:\/\/www.wineglobe.fr\/wp-content\/uploads\/degustation-wineglobe-vin-paetzold-2.jpg&#8221; title_text=&#8221;degustation-wineglobe-vin-paetzold-2&#8243; _builder_version=&#8221;4.17.6&#8243; _module_preset=&#8221;default&#8221; custom_padding=&#8221;||||false|false&#8221; global_colors_info=&#8221;{}&#8221;][\/et_pb_image][\/et_pb_column][\/et_pb_row][et_pb_row _builder_version=&#8221;4.17.4&#8243; _module_preset=&#8221;default&#8221; locked=&#8221;off&#8221; global_colors_info=&#8221;{}&#8221;][et_pb_column type=&#8221;4_4&#8243; _builder_version=&#8221;4.17.4&#8243; _module_preset=&#8221;default&#8221; global_colors_info=&#8221;{}&#8221;][et_pb_text _builder_version=&#8221;4.24.0&#8243; _module_preset=&#8221;default&#8221; global_colors_info=&#8221;{}&#8221;]<\/p>\n<h4 style=\"text-align: center;\">Wineglobe permette di produrre vini di terroir espressivi con un potenziale di invecchiamento<\/h4>\n<p>[\/et_pb_text][et_pb_button button_url=&#8221;@ET-DC@eyJkeW5hbWljIjp0cnVlLCJjb250ZW50IjoicG9zdF9saW5rX3VybF9wYWdlIiwic2V0dGluZ3MiOnsicG9zdF9pZCI6IjI0NDYifX0=@&#8221; button_text=&#8221;Per saperne di pi\u00f9&#8221; button_alignment=&#8221;center&#8221; _builder_version=&#8221;4.24.0&#8243; _dynamic_attributes=&#8221;button_url&#8221; custom_button=&#8221;on&#8221; button_text_size=&#8221;14px&#8221; button_text_color=&#8221;#000000&#8243; button_border_width=&#8221;1px&#8221; button_border_color=&#8221;#4c4c4c&#8221; button_border_radius=&#8221;48px&#8221; custom_margin=&#8221;||45px|||&#8221; locked=&#8221;off&#8221; global_colors_info=&#8221;{}&#8221;][\/et_pb_button][\/et_pb_column][\/et_pb_row][et_pb_row column_structure=&#8221;1_5,1_5,1_5,1_5,1_5&#8243; _builder_version=&#8221;4.17.6&#8243; _module_preset=&#8221;default&#8221; background_color=&#8221;RGBA(255,255,255,0)&#8221; custom_padding=&#8221;|20px||20px|false|false&#8221; border_width_all=&#8221;3px&#8221; border_color_all=&#8221;#CEE3E2&#8243; global_colors_info=&#8221;{}&#8221;][et_pb_column type=&#8221;1_5&#8243; _builder_version=&#8221;4.17.4&#8243; _module_preset=&#8221;default&#8221; global_colors_info=&#8221;{}&#8221;][et_pb_image src=&#8221;https:\/\/www.wineglobe.fr\/wp-content\/uploads\/logo-insta-bleu.png&#8221; title_text=&#8221;logo-insta-bleu&#8221; align=&#8221;center&#8221; _builder_version=&#8221;4.17.6&#8243; _module_preset=&#8221;default&#8221; width=&#8221;30%&#8221; custom_margin=&#8221;15px||||false|false&#8221; global_colors_info=&#8221;{}&#8221;][\/et_pb_image][et_pb_button button_url=&#8221;https:\/\/www.instagram.com\/wine.globe\/&#8221; url_new_window=&#8221;on&#8221; button_text=&#8221;@wine.globe&#8221; _builder_version=&#8221;4.17.6&#8243; _module_preset=&#8221;default&#8221; custom_button=&#8221;on&#8221; button_text_color=&#8221;#CEE3E2&#8243; global_colors_info=&#8221;{}&#8221;][\/et_pb_button][\/et_pb_column][et_pb_column type=&#8221;1_5&#8243; _builder_version=&#8221;4.17.4&#8243; _module_preset=&#8221;default&#8221; global_colors_info=&#8221;{}&#8221;][et_pb_image src=&#8221;https:\/\/www.wineglobe.fr\/wp-content\/uploads\/1.jpg&#8221; title_text=&#8221;1&#8243; _builder_version=&#8221;4.17.4&#8243; _module_preset=&#8221;default&#8221; global_colors_info=&#8221;{}&#8221;][\/et_pb_image][\/et_pb_column][et_pb_column type=&#8221;1_5&#8243; _builder_version=&#8221;4.17.4&#8243; _module_preset=&#8221;default&#8221; global_colors_info=&#8221;{}&#8221;][et_pb_image src=&#8221;https:\/\/www.wineglobe.fr\/wp-content\/uploads\/2-scaled.jpg&#8221; title_text=&#8221;2&#8243; _builder_version=&#8221;4.17.4&#8243; _module_preset=&#8221;default&#8221; global_colors_info=&#8221;{}&#8221;][\/et_pb_image][\/et_pb_column][et_pb_column type=&#8221;1_5&#8243; _builder_version=&#8221;4.17.4&#8243; _module_preset=&#8221;default&#8221; global_colors_info=&#8221;{}&#8221;][et_pb_image src=&#8221;https:\/\/www.wineglobe.fr\/wp-content\/uploads\/5.jpg&#8221; title_text=&#8221;5&#8243; _builder_version=&#8221;4.17.4&#8243; _module_preset=&#8221;default&#8221; global_colors_info=&#8221;{}&#8221;][\/et_pb_image][\/et_pb_column][et_pb_column type=&#8221;1_5&#8243; _builder_version=&#8221;4.17.4&#8243; _module_preset=&#8221;default&#8221; global_colors_info=&#8221;{}&#8221;][et_pb_image src=&#8221;https:\/\/www.wineglobe.fr\/wp-content\/uploads\/lb2.jpg&#8221; title_text=&#8221;lb2&#8243; _builder_version=&#8221;4.17.4&#8243; _module_preset=&#8221;default&#8221; global_colors_info=&#8221;{}&#8221;][\/et_pb_image][\/et_pb_column][\/et_pb_row][\/et_pb_section]<\/p>\n","protected":false},"excerpt":{"rendered":"<p>WINEGLOBE, RIVELATORE DI GRANDI VINILa bellezza dell&#8217;uva nasce dal suolo, dal clima, dal vitigno e dal vostro lavoro. Se ci\u00f2 che cercate \u00e8 l&#8217;espressione di questo potenziale in un grande vino che mantenga le sue promesse, Wineglobe \u00e8 per voi.Il Wineglobe si inserisce in un modello rispettuoso del terroir. Il vino \u00e8 pi\u00f9 equilibrato, armonico [&hellip;]<\/p>\n","protected":false},"author":1,"featured_media":0,"parent":0,"menu_order":0,"comment_status":"closed","ping_status":"closed","template":"","meta":{"_seopress_robots_primary_cat":"","_seopress_titles_title":"Wineglobe | Le verre pour pr\u00e9server l'\u00e9clat des vins","_seopress_titles_desc":"D\u00e9couvrez Wineglobe, la cuve en verre pour pr\u00e9server l'\u00e9clat des vins . Une innovation de Famille Paetzold au service des vignerons pour exprimer la v\u00e9rit\u00e9 du raisin","_seopress_robots_index":"","_et_pb_use_builder":"on","_et_pb_old_content":"","_et_gb_content_width":"","_mo_disable_npp":"","footnotes":""},"class_list":["post-1038209","page","type-page","status-publish","hentry"],"_links":{"self":[{"href":"https:\/\/www.wineglobe.fr\/it\/wp-json\/wp\/v2\/pages\/1038209","targetHints":{"allow":["GET"]}}],"collection":[{"href":"https:\/\/www.wineglobe.fr\/it\/wp-json\/wp\/v2\/pages"}],"about":[{"href":"https:\/\/www.wineglobe.fr\/it\/wp-json\/wp\/v2\/types\/page"}],"author":[{"embeddable":true,"href":"https:\/\/www.wineglobe.fr\/it\/wp-json\/wp\/v2\/users\/1"}],"replies":[{"embeddable":true,"href":"https:\/\/www.wineglobe.fr\/it\/wp-json\/wp\/v2\/comments?post=1038209"}],"version-history":[{"count":5,"href":"https:\/\/www.wineglobe.fr\/it\/wp-json\/wp\/v2\/pages\/1038209\/revisions"}],"predecessor-version":[{"id":1054218,"href":"https:\/\/www.wineglobe.fr\/it\/wp-json\/wp\/v2\/pages\/1038209\/revisions\/1054218"}],"wp:attachment":[{"href":"https:\/\/www.wineglobe.fr\/it\/wp-json\/wp\/v2\/media?parent=1038209"}],"curies":[{"name":"wp","href":"https:\/\/api.w.org\/{rel}","templated":true}]}}